{"id":3099,"date":"2025-06-26T09:25:55","date_gmt":"2025-06-26T07:25:55","guid":{"rendered":"https:\/\/preprod.ylae.fr\/?post_type=product&#038;p=3099"},"modified":"2025-06-26T10:46:39","modified_gmt":"2025-06-26T08:46:39","slug":"traversee-scandinave","status":"publish","type":"product","link":"https:\/\/preprod.ylae.fr\/en\/produit\/traversee-scandinave\/","title":{"rendered":"Travers\u00e9e Scandinave"},"content":{"rendered":"\t\t<div data-elementor-type=\"product-post\" data-elementor-id=\"3099\" class=\"elementor elementor-3099\" data-elementor-post-type=\"product\">\n\t\t\t\t<div class=\"elementor-element elementor-element-371b9f02 e-flex e-con-boxed e-con e-parent\" data-id=\"371b9f02\" data-element_type=\"container\">\n\t\t\t\t\t<div class=\"e-con-inner\">\n\t\t\t\t<div class=\"elementor-element elementor-element-379edf03 elementor-widget elementor-widget-text-editor\" data-id=\"379edf03\" data-element_type=\"widget\" data-widget_type=\"text-editor.default\">\n\t\t\t\t<div class=\"elementor-widget-container\">\n\t\t\t\t\t\t\t\t\t<h2><strong>Soin au parfum \u00e9pic\u00e9<\/strong><\/h2><p><em>Un instant chaleureux, inspir\u00e9 de la fra\u00eecheur des pays nordiques \u00a0et berc\u00e9 par des effluves \u00e9pic\u00e9es. \u00a0Ce rituel d\u00e9bute par un gommage aux cranberries, suivi d\u2019un enveloppement, un modelage du visage et un massage su\u00e9dois. Un soin\u00a0pour soulager les douleurs et les tensions musculaires tout en laissant une peau douce et souple.<\/em><\/p><p><em><strong><span style=\"text-decoration: underline;\">Dur\u00e9e:<\/span> 90min<\/strong><\/em><\/p>\t\t\t\t\t\t\t\t<\/div>\n\t\t\t\t<\/div>\n\t\t\t\t\t<\/div>\n\t\t\t\t<\/div>\n\t\t<div class=\"elementor-element elementor-element-8ee103e e-flex e-con-boxed e-con e-parent\" data-id=\"8ee103e\" data-element_type=\"container\">\n\t\t\t\t\t<div class=\"e-con-inner\">\n\t\t\t\t<div class=\"elementor-element elementor-element-b9310a2 elementor-widget__width-initial elementor-invisible elementor-widget elementor-widget-text-editor\" data-id=\"b9310a2\" data-element_type=\"widget\" data-settings=\"{&quot;_animation&quot;:&quot;slideInRight&quot;}\" data-widget_type=\"text-editor.default\">\n\t\t\t\t<div class=\"elementor-widget-container\">\n\t\t\t\t\t\t\t\t\t<h3 style=\"text-align: center;\"><span style=\"color: #ffffff;\"><strong>LES BIENFAITS DU SOIN<\/strong><\/span><\/h3><p>\u2022 Laisse la peau souple et douce gr\u00e2ce aux produits de la gamme<br \/>\u2022 Stimule la circulation sanguine et lymphatique<br \/>\u2022 Soulage les douleurs et les tensions musculaires<br \/>\u2022 Favorise la d\u00e9tente physique et \u00e9motionnelle<\/p>\t\t\t\t\t\t\t\t<\/div>\n\t\t\t\t<\/div>\n\t\t\t\t<div class=\"elementor-element elementor-element-c8c6374 elementor-widget__width-initial elementor-invisible elementor-widget elementor-widget-text-editor\" data-id=\"c8c6374\" data-element_type=\"widget\" data-settings=\"{&quot;_animation&quot;:&quot;slideInRight&quot;}\" data-widget_type=\"text-editor.default\">\n\t\t\t\t<div class=\"elementor-widget-container\">\n\t\t\t\t\t\t\t\t\t<h3 style=\"text-align: center;\"><strong>LE PARFUM<\/strong><\/h3><p>D\u00e9licatement \u00e9pic\u00e9, il oppose le chaud et le froid. La chaleur de son m\u00e9lange d\u2019\u00e9pices (gingembre, girofle, cannelle&#8230;), s\u2019associe \u00e0 la fra\u00eecheur du thym et de l\u2019eucalyptus, le tout arrondi par la douceur de l\u2019orange douce et de la f\u00e8ve tonka.<\/p>\t\t\t\t\t\t\t\t<\/div>\n\t\t\t\t<\/div>\n\t\t\t\t\t<\/div>\n\t\t\t\t<\/div>\n\t\t<div class=\"elementor-element elementor-element-23d57136 e-con-full e-flex e-con e-child\" data-id=\"23d57136\" data-element_type=\"container\">\n\t\t<div class=\"elementor-element elementor-element-4899ae85 e-con-full e-flex e-con e-child\" data-id=\"4899ae85\" data-element_type=\"container\">\n\t\t\t\t<div class=\"elementor-element elementor-element-112ec58f elementor-widget elementor-widget-image\" data-id=\"112ec58f\" data-element_type=\"widget\" data-widget_type=\"image.default\">\n\t\t\t\t<div class=\"elementor-widget-container\">\n\t\t\t\t\t\t\t\t\t\t\t\t\t\t\t\t<a href=\"\/instituts-estheticiennes-partenaires\/\">\n\t\t\t\t\t\t\t<img fetchpriority=\"high\" decoding=\"async\" width=\"350\" height=\"350\" src=\"https:\/\/preprod.ylae.fr\/wp-content\/uploads\/2025\/05\/institut-1.webp\" class=\"attachment-large size-large wp-image-1824\" alt=\"\" srcset=\"https:\/\/preprod.ylae.fr\/wp-content\/uploads\/2025\/05\/institut-1.webp 350w, https:\/\/preprod.ylae.fr\/wp-content\/uploads\/2025\/05\/institut-1-300x300.webp 300w, https:\/\/preprod.ylae.fr\/wp-content\/uploads\/2025\/05\/institut-1-150x150.webp 150w, https:\/\/preprod.ylae.fr\/wp-content\/uploads\/2025\/05\/institut-1-100x100.webp 100w, https:\/\/preprod.ylae.fr\/wp-content\/uploads\/2025\/05\/institut-1-64x64.webp 64w\" sizes=\"(max-width: 350px) 100vw, 350px\" \/>\t\t\t\t\t\t\t\t<\/a>\n\t\t\t\t\t\t\t\t\t\t\t\t\t\t\t<\/div>\n\t\t\t\t<\/div>\n\t\t\t\t<div class=\"elementor-element elementor-element-10a1c12d elementor-widget elementor-widget-text-editor\" data-id=\"10a1c12d\" data-element_type=\"widget\" data-widget_type=\"text-editor.default\">\n\t\t\t\t<div class=\"elementor-widget-container\">\n\t\t\t\t\t\t\t\t\t<p style=\"text-align: center;\"><span style=\"color: #808080;\"><a style=\"color: #808080;\" href=\"\/instituts-estheticiennes-partenaires\/\"><strong>Trouvez votre institut<\/strong><\/a><\/span><\/p>\t\t\t\t\t\t\t\t<\/div>\n\t\t\t\t<\/div>\n\t\t\t\t<\/div>\n\t\t<div class=\"elementor-element elementor-element-3cc99224 e-con-full e-flex e-con e-child\" data-id=\"3cc99224\" data-element_type=\"container\">\n\t\t\t\t<div class=\"elementor-element elementor-element-5c6753bd elementor-widget elementor-widget-image\" data-id=\"5c6753bd\" data-element_type=\"widget\" data-widget_type=\"image.default\">\n\t\t\t\t<div class=\"elementor-widget-container\">\n\t\t\t\t\t\t\t\t\t\t\t\t\t\t\t\t<a href=\"https:\/\/www.cosmebio.org\/fr\/le-label\/\">\n\t\t\t\t\t\t\t<img decoding=\"async\" width=\"1024\" height=\"978\" src=\"https:\/\/preprod.ylae.fr\/wp-content\/uploads\/2025\/05\/certifie-bio-logo-cosmos-1024x978.webp\" class=\"attachment-large size-large wp-image-1815\" alt=\"\" srcset=\"https:\/\/preprod.ylae.fr\/wp-content\/uploads\/2025\/05\/certifie-bio-logo-cosmos-1024x978.webp 1024w, https:\/\/preprod.ylae.fr\/wp-content\/uploads\/2025\/05\/certifie-bio-logo-cosmos-300x287.webp 300w, https:\/\/preprod.ylae.fr\/wp-content\/uploads\/2025\/05\/certifie-bio-logo-cosmos-768x734.webp 768w, https:\/\/preprod.ylae.fr\/wp-content\/uploads\/2025\/05\/certifie-bio-logo-cosmos-600x573.webp 600w, https:\/\/preprod.ylae.fr\/wp-content\/uploads\/2025\/05\/certifie-bio-logo-cosmos-64x61.webp 64w, https:\/\/preprod.ylae.fr\/wp-content\/uploads\/2025\/05\/certifie-bio-logo-cosmos.webp 1412w\" sizes=\"(max-width: 1024px) 100vw, 1024px\" \/>\t\t\t\t\t\t\t\t<\/a>\n\t\t\t\t\t\t\t\t\t\t\t\t\t\t\t<\/div>\n\t\t\t\t<\/div>\n\t\t\t\t<div class=\"elementor-element elementor-element-2e8ee723 elementor-widget elementor-widget-text-editor\" data-id=\"2e8ee723\" data-element_type=\"widget\" data-widget_type=\"text-editor.default\">\n\t\t\t\t<div class=\"elementor-widget-container\">\n\t\t\t\t\t\t\t\t\t<p style=\"text-align: center;\"><span style=\"color: #808080;\"><a style=\"color: #808080;\" href=\"https:\/\/www.cosmebio.org\/fr\/le-label\/\"><strong>Certifi\u00e9 biologique<\/strong><\/a><\/span><\/p>\t\t\t\t\t\t\t\t<\/div>\n\t\t\t\t<\/div>\n\t\t\t\t<\/div>\n\t\t<div class=\"elementor-element elementor-element-498bcf8c e-con-full e-flex e-con e-child\" data-id=\"498bcf8c\" data-element_type=\"container\">\n\t\t\t\t<div class=\"elementor-element elementor-element-17867c15 elementor-widget elementor-widget-image\" data-id=\"17867c15\" data-element_type=\"widget\" data-widget_type=\"image.default\">\n\t\t\t\t<div class=\"elementor-widget-container\">\n\t\t\t\t\t\t\t\t\t\t\t\t\t\t\t\t<a href=\"\/notre-philosophie\/\">\n\t\t\t\t\t\t\t<img decoding=\"async\" width=\"1024\" height=\"1024\" src=\"https:\/\/preprod.ylae.fr\/wp-content\/uploads\/2025\/05\/fabrication-france-oxalia-1024x1024.webp\" class=\"attachment-large size-large wp-image-1818\" alt=\"\" srcset=\"https:\/\/preprod.ylae.fr\/wp-content\/uploads\/2025\/05\/fabrication-france-oxalia-1024x1024.webp 1024w, https:\/\/preprod.ylae.fr\/wp-content\/uploads\/2025\/05\/fabrication-france-oxalia-300x300.webp 300w, https:\/\/preprod.ylae.fr\/wp-content\/uploads\/2025\/05\/fabrication-france-oxalia-150x150.webp 150w, https:\/\/preprod.ylae.fr\/wp-content\/uploads\/2025\/05\/fabrication-france-oxalia-768x768.webp 768w, https:\/\/preprod.ylae.fr\/wp-content\/uploads\/2025\/05\/fabrication-france-oxalia-600x600.webp 600w, https:\/\/preprod.ylae.fr\/wp-content\/uploads\/2025\/05\/fabrication-france-oxalia-100x100.webp 100w, https:\/\/preprod.ylae.fr\/wp-content\/uploads\/2025\/05\/fabrication-france-oxalia-64x64.webp 64w, https:\/\/preprod.ylae.fr\/wp-content\/uploads\/2025\/05\/fabrication-france-oxalia.webp 1458w\" sizes=\"(max-width: 1024px) 100vw, 1024px\" \/>\t\t\t\t\t\t\t\t<\/a>\n\t\t\t\t\t\t\t\t\t\t\t\t\t\t\t<\/div>\n\t\t\t\t<\/div>\n\t\t\t\t<div class=\"elementor-element elementor-element-3c5b3763 elementor-widget elementor-widget-text-editor\" data-id=\"3c5b3763\" data-element_type=\"widget\" data-widget_type=\"text-editor.default\">\n\t\t\t\t<div class=\"elementor-widget-container\">\n\t\t\t\t\t\t\t\t\t<p style=\"text-align: center;\"><span style=\"color: #808080;\"><a style=\"color: #808080;\" href=\"\/notre-philosophie\/\"><strong>Fabriqu\u00e9 en France<\/strong><\/a><\/span><\/p>\t\t\t\t\t\t\t\t<\/div>\n\t\t\t\t<\/div>\n\t\t\t\t<\/div>\n\t\t\t\t<\/div>\n\t\t<div class=\"elementor-element elementor-element-7ae32a66 e-flex e-con-boxed e-con e-parent\" data-id=\"7ae32a66\" data-element_type=\"container\" data-settings=\"{&quot;background_background&quot;:&quot;classic&quot;}\">\n\t\t\t\t\t<div class=\"e-con-inner\">\n\t\t\t\t<div class=\"elementor-element elementor-element-24e40b3c elementor-widget elementor-widget-heading\" data-id=\"24e40b3c\" data-element_type=\"widget\" data-widget_type=\"heading.default\">\n\t\t\t\t<div class=\"elementor-widget-container\">\n\t\t\t\t\t<h2 class=\"elementor-heading-title elementor-size-default\">TEASER<\/h2>\t\t\t\t<\/div>\n\t\t\t\t<\/div>\n\t\t\t\t\t<\/div>\n\t\t\t\t<\/div>\n\t\t<div class=\"elementor-element elementor-element-cacf17a e-flex e-con-boxed e-con e-parent\" data-id=\"cacf17a\" data-element_type=\"container\">\n\t\t\t\t\t<div class=\"e-con-inner\">\n\t\t\t\t<div class=\"elementor-element elementor-element-68f0d6a elementor-widget elementor-widget-video\" data-id=\"68f0d6a\" data-element_type=\"widget\" data-settings=\"{&quot;youtube_url&quot;:&quot;https:\\\/\\\/youtu.be\\\/k-Edfm66k0k&quot;,&quot;video_type&quot;:&quot;youtube&quot;,&quot;controls&quot;:&quot;yes&quot;}\" data-widget_type=\"video.default\">\n\t\t\t\t<div class=\"elementor-widget-container\">\n\t\t\t\t\t\t\t<div class=\"elementor-wrapper elementor-open-inline\">\n\t\t\t<div class=\"elementor-video\"><\/div>\t\t<\/div>\n\t\t\t\t\t\t<\/div>\n\t\t\t\t<\/div>\n\t\t\t\t\t<\/div>\n\t\t\t\t<\/div>\n\t\t\t\t<\/div>\n\t\t","protected":false},"excerpt":{"rendered":"<p>Soin au parfum \u00e9pic\u00e9<\/p>\n","protected":false},"featured_media":3088,"comment_status":"open","ping_status":"closed","template":"","meta":{"_acf_changed":false,"ocean_post_layout":"","ocean_both_sidebars_style":"","ocean_both_sidebars_content_width":0,"ocean_both_sidebars_sidebars_width":0,"ocean_sidebar":"0","ocean_second_sidebar":"0","ocean_disable_margins":"enable","ocean_add_body_class":"","ocean_shortcode_before_top_bar":"","ocean_shortcode_after_top_bar":"","ocean_shortcode_before_header":"","ocean_shortcode_after_header":"","ocean_has_shortcode":"","ocean_shortcode_after_title":"","ocean_shortcode_before_footer_widgets":"","ocean_shortcode_after_footer_widgets":"","ocean_shortcode_before_footer_bottom":"","ocean_shortcode_after_footer_bottom":"","ocean_display_top_bar":"default","ocean_display_header":"default","ocean_header_style":"","ocean_center_header_left_menu":"0","ocean_custom_header_template":"0","ocean_custom_logo":0,"ocean_custom_retina_logo":0,"ocean_custom_logo_max_width":0,"ocean_custom_logo_tablet_max_width":0,"ocean_custom_logo_mobile_max_width":0,"ocean_custom_logo_max_height":0,"ocean_custom_logo_tablet_max_height":0,"ocean_custom_logo_mobile_max_height":0,"ocean_header_custom_menu":"0","ocean_menu_typo_font_family":"0","ocean_menu_typo_font_subset":"","ocean_menu_typo_font_size":0,"ocean_menu_typo_font_size_tablet":0,"ocean_menu_typo_font_size_mobile":0,"ocean_menu_typo_font_size_unit":"px","ocean_menu_typo_font_weight":"","ocean_menu_typo_font_weight_tablet":"","ocean_menu_typo_font_weight_mobile":"","ocean_menu_typo_transform":"","ocean_menu_typo_transform_tablet":"","ocean_menu_typo_transform_mobile":"","ocean_menu_typo_line_height":0,"ocean_menu_typo_line_height_tablet":0,"ocean_menu_typo_line_height_mobile":0,"ocean_menu_typo_line_height_unit":"","ocean_menu_typo_spacing":0,"ocean_menu_typo_spacing_tablet":0,"ocean_menu_typo_spacing_mobile":0,"ocean_menu_typo_spacing_unit":"","ocean_menu_link_color":"","ocean_menu_link_color_hover":"","ocean_menu_link_color_active":"","ocean_menu_link_background":"","ocean_menu_link_hover_background":"","ocean_menu_link_active_background":"","ocean_menu_social_links_bg":"","ocean_menu_social_hover_links_bg":"","ocean_menu_social_links_color":"","ocean_menu_social_hover_links_color":"","ocean_disable_title":"default","ocean_disable_heading":"default","ocean_post_title":"","ocean_post_subheading":"","ocean_post_title_style":"","ocean_post_title_background_color":"","ocean_post_title_background":0,"ocean_post_title_bg_image_position":"","ocean_post_title_bg_image_attachment":"","ocean_post_title_bg_image_repeat":"","ocean_post_title_bg_image_size":"","ocean_post_title_height":0,"ocean_post_title_bg_overlay":0.5,"ocean_post_title_bg_overlay_color":"","ocean_disable_breadcrumbs":"default","ocean_breadcrumbs_color":"","ocean_breadcrumbs_separator_color":"","ocean_breadcrumbs_links_color":"","ocean_breadcrumbs_links_hover_color":"","ocean_display_footer_widgets":"default","ocean_display_footer_bottom":"default","ocean_custom_footer_template":"0"},"product_brand":[],"product_cat":[103,36],"product_tag":[],"class_list":{"0":"post-3099","1":"product","2":"type-product","3":"status-publish","4":"has-post-thumbnail","6":"product_cat-soins-corps","7":"product_cat-soins","9":"entry","10":"has-media","12":"first","13":"instock","14":"shipping-taxable","15":"product-type-simple","16":"has-product-nav","17":"col","18":"span_1_of_4","19":"owp-content-center","20":"owp-thumbs-layout-horizontal","21":"owp-btn-normal","22":"owp-tabs-layout-horizontal","23":"has-no-thumbnails"},"acf":[],"yoast_head":"<!-- This site is optimized with the Yoast SEO plugin v25.4 - https:\/\/yoast.com\/wordpress\/plugins\/seo\/ -->\n<title>Travers\u00e9e Scandinave \u2013 Soin \u00e9pic\u00e9 &amp; d\u00e9tente musculaire | Oxalia<\/title>\n<meta name=\"description\" content=\"Soin corps chaleureux inspir\u00e9 du Nord : gommage aux cranberries, enveloppement, massage su\u00e9dois. Soulage les tensions, adoucit la peau, parfums \u00e9pic\u00e9s.\" \/>\n<meta name=\"robots\" content=\"noindex, follow, max-snippet:-1, max-image-preview:large, max-video-preview:-1\" \/>\n<meta property=\"og:locale\" content=\"en_US\" \/>\n<meta property=\"og:type\" content=\"article\" \/>\n<meta property=\"og:title\" content=\"Travers\u00e9e Scandinave \u2013 Soin \u00e9pic\u00e9 &amp; d\u00e9tente musculaire | Oxalia\" \/>\n<meta property=\"og:description\" content=\"Soin corps chaleureux inspir\u00e9 du Nord : gommage aux cranberries, enveloppement, massage su\u00e9dois. Soulage les tensions, adoucit la peau, parfums \u00e9pic\u00e9s.\" \/>\n<meta property=\"og:url\" content=\"https:\/\/preprod.ylae.fr\/en\/produit\/traversee-scandinave\/\" \/>\n<meta property=\"og:site_name\" content=\"Oxalia\" \/>\n<meta property=\"article:modified_time\" content=\"2025-06-26T08:46:39+00:00\" \/>\n<meta property=\"og:image\" content=\"https:\/\/preprod.ylae.fr\/wp-content\/uploads\/2025\/06\/traversee-scandinave-soin-corps.webp\" \/>\n\t<meta property=\"og:image:width\" content=\"850\" \/>\n\t<meta property=\"og:image:height\" content=\"1000\" \/>\n\t<meta property=\"og:image:type\" content=\"image\/webp\" \/>\n<meta name=\"twitter:card\" content=\"summary_large_image\" \/>\n<script type=\"application\/ld+json\" class=\"yoast-schema-graph\">{\"@context\":\"https:\/\/schema.org\",\"@graph\":[{\"@type\":\"WebPage\",\"@id\":\"https:\/\/preprod.ylae.fr\/en\/produit\/traversee-scandinave\/\",\"url\":\"https:\/\/preprod.ylae.fr\/en\/produit\/traversee-scandinave\/\",\"name\":\"Travers\u00e9e Scandinave \u2013 Soin \u00e9pic\u00e9 & d\u00e9tente musculaire | Oxalia\",\"isPartOf\":{\"@id\":\"https:\/\/preprod.ylae.fr\/en\/#website\"},\"primaryImageOfPage\":{\"@id\":\"https:\/\/preprod.ylae.fr\/en\/produit\/traversee-scandinave\/#primaryimage\"},\"image\":{\"@id\":\"https:\/\/preprod.ylae.fr\/en\/produit\/traversee-scandinave\/#primaryimage\"},\"thumbnailUrl\":\"https:\/\/preprod.ylae.fr\/wp-content\/uploads\/2025\/06\/traversee-scandinave-soin-corps.webp\",\"datePublished\":\"2025-06-26T07:25:55+00:00\",\"dateModified\":\"2025-06-26T08:46:39+00:00\",\"description\":\"Soin corps chaleureux inspir\u00e9 du Nord : gommage aux cranberries, enveloppement, massage su\u00e9dois. Soulage les tensions, adoucit la peau, parfums \u00e9pic\u00e9s.\",\"breadcrumb\":{\"@id\":\"https:\/\/preprod.ylae.fr\/en\/produit\/traversee-scandinave\/#breadcrumb\"},\"inLanguage\":\"en-US\",\"potentialAction\":[{\"@type\":\"ReadAction\",\"target\":[\"https:\/\/preprod.ylae.fr\/en\/produit\/traversee-scandinave\/\"]}]},{\"@type\":\"ImageObject\",\"inLanguage\":\"en-US\",\"@id\":\"https:\/\/preprod.ylae.fr\/en\/produit\/traversee-scandinave\/#primaryimage\",\"url\":\"https:\/\/preprod.ylae.fr\/wp-content\/uploads\/2025\/06\/traversee-scandinave-soin-corps.webp\",\"contentUrl\":\"https:\/\/preprod.ylae.fr\/wp-content\/uploads\/2025\/06\/traversee-scandinave-soin-corps.webp\",\"width\":850,\"height\":1000,\"caption\":\"Soin corps traversee scandinave\"},{\"@type\":\"BreadcrumbList\",\"@id\":\"https:\/\/preprod.ylae.fr\/en\/produit\/traversee-scandinave\/#breadcrumb\",\"itemListElement\":[{\"@type\":\"ListItem\",\"position\":1,\"name\":\"Accueil\",\"item\":\"https:\/\/preprod.ylae.fr\/en\/\"},{\"@type\":\"ListItem\",\"position\":2,\"name\":\"Shop\",\"item\":\"https:\/\/preprod.ylae.fr\/en\/shop\/\"},{\"@type\":\"ListItem\",\"position\":3,\"name\":\"Travers\u00e9e Scandinave\"}]},{\"@type\":\"WebSite\",\"@id\":\"https:\/\/preprod.ylae.fr\/en\/#website\",\"url\":\"https:\/\/preprod.ylae.fr\/en\/\",\"name\":\"Oxalia\",\"description\":\"Cosm\u00e9tiques professionnels, biologiques, naturels et fabriqu\u00e9s en France\",\"publisher\":{\"@id\":\"https:\/\/preprod.ylae.fr\/en\/#organization\"},\"potentialAction\":[{\"@type\":\"SearchAction\",\"target\":{\"@type\":\"EntryPoint\",\"urlTemplate\":\"https:\/\/preprod.ylae.fr\/en\/?s={search_term_string}\"},\"query-input\":{\"@type\":\"PropertyValueSpecification\",\"valueRequired\":true,\"valueName\":\"search_term_string\"}}],\"inLanguage\":\"en-US\"},{\"@type\":\"Organization\",\"@id\":\"https:\/\/preprod.ylae.fr\/en\/#organization\",\"name\":\"Oxalia\",\"url\":\"https:\/\/preprod.ylae.fr\/en\/\",\"logo\":{\"@type\":\"ImageObject\",\"inLanguage\":\"en-US\",\"@id\":\"https:\/\/preprod.ylae.fr\/en\/#\/schema\/logo\/image\/\",\"url\":\"https:\/\/preprod.ylae.fr\/wp-content\/uploads\/2025\/04\/logo-oxalia-gris.webp\",\"contentUrl\":\"https:\/\/preprod.ylae.fr\/wp-content\/uploads\/2025\/04\/logo-oxalia-gris.webp\",\"width\":241,\"height\":76,\"caption\":\"Oxalia\"},\"image\":{\"@id\":\"https:\/\/preprod.ylae.fr\/en\/#\/schema\/logo\/image\/\"}}]}<\/script>\n<!-- \/ Yoast SEO plugin. -->","yoast_head_json":{"title":"Travers\u00e9e Scandinave \u2013 Soin \u00e9pic\u00e9 & d\u00e9tente musculaire | Oxalia","description":"Soin corps chaleureux inspir\u00e9 du Nord : gommage aux cranberries, enveloppement, massage su\u00e9dois. Soulage les tensions, adoucit la peau, parfums \u00e9pic\u00e9s.","robots":{"index":"noindex","follow":"follow","max-snippet":"max-snippet:-1","max-image-preview":"max-image-preview:large","max-video-preview":"max-video-preview:-1"},"og_locale":"en_US","og_type":"article","og_title":"Travers\u00e9e Scandinave \u2013 Soin \u00e9pic\u00e9 & d\u00e9tente musculaire | Oxalia","og_description":"Soin corps chaleureux inspir\u00e9 du Nord : gommage aux cranberries, enveloppement, massage su\u00e9dois. Soulage les tensions, adoucit la peau, parfums \u00e9pic\u00e9s.","og_url":"https:\/\/preprod.ylae.fr\/en\/produit\/traversee-scandinave\/","og_site_name":"Oxalia","article_modified_time":"2025-06-26T08:46:39+00:00","og_image":[{"width":850,"height":1000,"url":"https:\/\/preprod.ylae.fr\/wp-content\/uploads\/2025\/06\/traversee-scandinave-soin-corps.webp","type":"image\/webp"}],"twitter_card":"summary_large_image","schema":{"@context":"https:\/\/schema.org","@graph":[{"@type":"WebPage","@id":"https:\/\/preprod.ylae.fr\/en\/produit\/traversee-scandinave\/","url":"https:\/\/preprod.ylae.fr\/en\/produit\/traversee-scandinave\/","name":"Travers\u00e9e Scandinave \u2013 Soin \u00e9pic\u00e9 & d\u00e9tente musculaire | Oxalia","isPartOf":{"@id":"https:\/\/preprod.ylae.fr\/en\/#website"},"primaryImageOfPage":{"@id":"https:\/\/preprod.ylae.fr\/en\/produit\/traversee-scandinave\/#primaryimage"},"image":{"@id":"https:\/\/preprod.ylae.fr\/en\/produit\/traversee-scandinave\/#primaryimage"},"thumbnailUrl":"https:\/\/preprod.ylae.fr\/wp-content\/uploads\/2025\/06\/traversee-scandinave-soin-corps.webp","datePublished":"2025-06-26T07:25:55+00:00","dateModified":"2025-06-26T08:46:39+00:00","description":"Soin corps chaleureux inspir\u00e9 du Nord : gommage aux cranberries, enveloppement, massage su\u00e9dois. Soulage les tensions, adoucit la peau, parfums \u00e9pic\u00e9s.","breadcrumb":{"@id":"https:\/\/preprod.ylae.fr\/en\/produit\/traversee-scandinave\/#breadcrumb"},"inLanguage":"en-US","potentialAction":[{"@type":"ReadAction","target":["https:\/\/preprod.ylae.fr\/en\/produit\/traversee-scandinave\/"]}]},{"@type":"ImageObject","inLanguage":"en-US","@id":"https:\/\/preprod.ylae.fr\/en\/produit\/traversee-scandinave\/#primaryimage","url":"https:\/\/preprod.ylae.fr\/wp-content\/uploads\/2025\/06\/traversee-scandinave-soin-corps.webp","contentUrl":"https:\/\/preprod.ylae.fr\/wp-content\/uploads\/2025\/06\/traversee-scandinave-soin-corps.webp","width":850,"height":1000,"caption":"Soin corps traversee scandinave"},{"@type":"BreadcrumbList","@id":"https:\/\/preprod.ylae.fr\/en\/produit\/traversee-scandinave\/#breadcrumb","itemListElement":[{"@type":"ListItem","position":1,"name":"Accueil","item":"https:\/\/preprod.ylae.fr\/en\/"},{"@type":"ListItem","position":2,"name":"Shop","item":"https:\/\/preprod.ylae.fr\/en\/shop\/"},{"@type":"ListItem","position":3,"name":"Travers\u00e9e Scandinave"}]},{"@type":"WebSite","@id":"https:\/\/preprod.ylae.fr\/en\/#website","url":"https:\/\/preprod.ylae.fr\/en\/","name":"Oxalia","description":"Cosm\u00e9tiques professionnels, biologiques, naturels et fabriqu\u00e9s en France","publisher":{"@id":"https:\/\/preprod.ylae.fr\/en\/#organization"},"potentialAction":[{"@type":"SearchAction","target":{"@type":"EntryPoint","urlTemplate":"https:\/\/preprod.ylae.fr\/en\/?s={search_term_string}"},"query-input":{"@type":"PropertyValueSpecification","valueRequired":true,"valueName":"search_term_string"}}],"inLanguage":"en-US"},{"@type":"Organization","@id":"https:\/\/preprod.ylae.fr\/en\/#organization","name":"Oxalia","url":"https:\/\/preprod.ylae.fr\/en\/","logo":{"@type":"ImageObject","inLanguage":"en-US","@id":"https:\/\/preprod.ylae.fr\/en\/#\/schema\/logo\/image\/","url":"https:\/\/preprod.ylae.fr\/wp-content\/uploads\/2025\/04\/logo-oxalia-gris.webp","contentUrl":"https:\/\/preprod.ylae.fr\/wp-content\/uploads\/2025\/04\/logo-oxalia-gris.webp","width":241,"height":76,"caption":"Oxalia"},"image":{"@id":"https:\/\/preprod.ylae.fr\/en\/#\/schema\/logo\/image\/"}}]}},"jetpack_sharing_enabled":true,"_links":{"self":[{"href":"https:\/\/preprod.ylae.fr\/en\/wp-json\/wp\/v2\/product\/3099","targetHints":{"allow":["GET"]}}],"collection":[{"href":"https:\/\/preprod.ylae.fr\/en\/wp-json\/wp\/v2\/product"}],"about":[{"href":"https:\/\/preprod.ylae.fr\/en\/wp-json\/wp\/v2\/types\/product"}],"replies":[{"embeddable":true,"href":"https:\/\/preprod.ylae.fr\/en\/wp-json\/wp\/v2\/comments?post=3099"}],"version-history":[{"count":22,"href":"https:\/\/preprod.ylae.fr\/en\/wp-json\/wp\/v2\/product\/3099\/revisions"}],"predecessor-version":[{"id":3140,"href":"https:\/\/preprod.ylae.fr\/en\/wp-json\/wp\/v2\/product\/3099\/revisions\/3140"}],"wp:featuredmedia":[{"embeddable":true,"href":"https:\/\/preprod.ylae.fr\/en\/wp-json\/wp\/v2\/media\/3088"}],"wp:attachment":[{"href":"https:\/\/preprod.ylae.fr\/en\/wp-json\/wp\/v2\/media?parent=3099"}],"wp:term":[{"taxonomy":"product_brand","embeddable":true,"href":"https:\/\/preprod.ylae.fr\/en\/wp-json\/wp\/v2\/product_brand?post=3099"},{"taxonomy":"product_cat","embeddable":true,"href":"https:\/\/preprod.ylae.fr\/en\/wp-json\/wp\/v2\/product_cat?post=3099"},{"taxonomy":"product_tag","embeddable":true,"href":"https:\/\/preprod.ylae.fr\/en\/wp-json\/wp\/v2\/product_tag?post=3099"}],"curies":[{"name":"wp","href":"https:\/\/api.w.org\/{rel}","templated":true}]}}