{"id":3149,"date":"2025-06-26T11:09:57","date_gmt":"2025-06-26T09:09:57","guid":{"rendered":"https:\/\/preprod.ylae.fr\/?post_type=product&#038;p=3149"},"modified":"2025-06-26T11:32:33","modified_gmt":"2025-06-26T09:32:33","slug":"escale-polynesienne","status":"publish","type":"product","link":"https:\/\/preprod.ylae.fr\/en\/produit\/escale-polynesienne\/","title":{"rendered":"Escale Polyn\u00e9sienne"},"content":{"rendered":"\t\t<div data-elementor-type=\"product-post\" data-elementor-id=\"3149\" class=\"elementor elementor-3149\" data-elementor-post-type=\"product\">\n\t\t\t\t<div class=\"elementor-element elementor-element-74566d9e e-flex e-con-boxed e-con e-parent\" data-id=\"74566d9e\" data-element_type=\"container\">\n\t\t\t\t\t<div class=\"e-con-inner\">\n\t\t\t\t<div class=\"elementor-element elementor-element-34ded2b elementor-widget elementor-widget-text-editor\" data-id=\"34ded2b\" data-element_type=\"widget\" data-widget_type=\"text-editor.default\">\n\t\t\t\t<div class=\"elementor-widget-container\">\n\t\t\t\t\t\t\t\t\t<h2>Soin exotique visage &amp; corps<\/h2><p>Laissez-vous bercer par l\u2019esprit des \u00eeles du Pacifique :<br \/>Senteurs sucr\u00e9es de mono\u00ef, douceurs de coco et massage inspir\u00e9 des traditions hawa\u00efennes s\u2019unissent pour vous plonger dans une parenth\u00e8se idyllique.<br \/>Soin relaxant et revitalisant, rend votre peau douce, nourrie et d\u00e9licatement parfum\u00e9e de notes exotiques.<\/p><p><em><strong><span style=\"text-decoration: underline;\">Dur\u00e9e:<\/span> 90min<\/strong><\/em><\/p>\t\t\t\t\t\t\t\t<\/div>\n\t\t\t\t<\/div>\n\t\t\t\t\t<\/div>\n\t\t\t\t<\/div>\n\t\t<div class=\"elementor-element elementor-element-695e89fd e-flex e-con-boxed e-con e-parent\" data-id=\"695e89fd\" data-element_type=\"container\">\n\t\t\t\t\t<div class=\"e-con-inner\">\n\t\t\t\t<div class=\"elementor-element elementor-element-56f10bfe elementor-widget__width-initial elementor-invisible elementor-widget elementor-widget-text-editor\" data-id=\"56f10bfe\" data-element_type=\"widget\" data-settings=\"{&quot;_animation&quot;:&quot;slideInRight&quot;}\" data-widget_type=\"text-editor.default\">\n\t\t\t\t<div class=\"elementor-widget-container\">\n\t\t\t\t\t\t\t\t\t<h3 style=\"text-align: center;\"><span style=\"color: #ffffff;\"><strong>LES BIENFAITS DU SOIN<\/strong><\/span><\/h3><p>\u2022 Laisse la peau souple et douce gr\u00e2ce aux produits de la gamme<br \/>\u2022 Lib\u00e8re le corps des d\u00e9chets et toxines accumul\u00e9s<br \/>\u2022 R\u00e9tablit l\u2019harmonie physique et mentale<br \/>\u2022 Soulage des tensions musculaires et \u00e9vacue les traces de fatigue<br \/>\u2022 Apporte une sensation de bien-\u00eatre<\/p>\t\t\t\t\t\t\t\t<\/div>\n\t\t\t\t<\/div>\n\t\t\t\t<div class=\"elementor-element elementor-element-244f1b6a elementor-widget__width-initial elementor-invisible elementor-widget elementor-widget-text-editor\" data-id=\"244f1b6a\" data-element_type=\"widget\" data-settings=\"{&quot;_animation&quot;:&quot;slideInRight&quot;}\" data-widget_type=\"text-editor.default\">\n\t\t\t\t<div class=\"elementor-widget-container\">\n\t\t\t\t\t\t\t\t\t<h3 style=\"text-align: center;\"><strong>LE PARFUM<\/strong><\/h3><p>D\u00e9licatement \u00e9pic\u00e9, il oppose le chaud et le froid. La chaleur de son m\u00e9lange d\u2019\u00e9pices (gingembre, girofle, cannelle&#8230;), s\u2019associe \u00e0 la fra\u00eecheur du thym et de l\u2019eucalyptus, le tout arrondi par la douceur de l\u2019orange douce et de la f\u00e8ve tonka.<\/p>\t\t\t\t\t\t\t\t<\/div>\n\t\t\t\t<\/div>\n\t\t\t\t\t<\/div>\n\t\t\t\t<\/div>\n\t\t<div class=\"elementor-element elementor-element-426c2d05 e-con-full e-flex e-con e-child\" data-id=\"426c2d05\" data-element_type=\"container\">\n\t\t<div class=\"elementor-element elementor-element-6657c1e2 e-con-full e-flex e-con e-child\" data-id=\"6657c1e2\" data-element_type=\"container\">\n\t\t\t\t<div class=\"elementor-element elementor-element-4356d514 elementor-widget elementor-widget-image\" data-id=\"4356d514\" data-element_type=\"widget\" data-widget_type=\"image.default\">\n\t\t\t\t<div class=\"elementor-widget-container\">\n\t\t\t\t\t\t\t\t\t\t\t\t\t\t\t\t<a href=\"\/instituts-estheticiennes-partenaires\/\">\n\t\t\t\t\t\t\t<img fetchpriority=\"high\" decoding=\"async\" width=\"350\" height=\"350\" src=\"https:\/\/preprod.ylae.fr\/wp-content\/uploads\/2025\/05\/institut-1.webp\" class=\"attachment-large size-large wp-image-1825\" alt=\"\" srcset=\"https:\/\/preprod.ylae.fr\/wp-content\/uploads\/2025\/05\/institut-1.webp 350w, https:\/\/preprod.ylae.fr\/wp-content\/uploads\/2025\/05\/institut-1-300x300.webp 300w, https:\/\/preprod.ylae.fr\/wp-content\/uploads\/2025\/05\/institut-1-150x150.webp 150w, https:\/\/preprod.ylae.fr\/wp-content\/uploads\/2025\/05\/institut-1-100x100.webp 100w, https:\/\/preprod.ylae.fr\/wp-content\/uploads\/2025\/05\/institut-1-64x64.webp 64w\" sizes=\"(max-width: 350px) 100vw, 350px\" \/>\t\t\t\t\t\t\t\t<\/a>\n\t\t\t\t\t\t\t\t\t\t\t\t\t\t\t<\/div>\n\t\t\t\t<\/div>\n\t\t\t\t<div class=\"elementor-element elementor-element-1c4b26c9 elementor-widget elementor-widget-text-editor\" data-id=\"1c4b26c9\" data-element_type=\"widget\" data-widget_type=\"text-editor.default\">\n\t\t\t\t<div class=\"elementor-widget-container\">\n\t\t\t\t\t\t\t\t\t<p style=\"text-align: center;\"><span style=\"color: #808080;\"><a style=\"color: #808080;\" href=\"\/instituts-estheticiennes-partenaires\/\"><strong>Trouvez votre institut<\/strong><\/a><\/span><\/p>\t\t\t\t\t\t\t\t<\/div>\n\t\t\t\t<\/div>\n\t\t\t\t<\/div>\n\t\t<div class=\"elementor-element elementor-element-4d9d7f7a e-con-full e-flex e-con e-child\" data-id=\"4d9d7f7a\" data-element_type=\"container\">\n\t\t\t\t<div class=\"elementor-element elementor-element-5d5ff805 elementor-widget elementor-widget-image\" data-id=\"5d5ff805\" data-element_type=\"widget\" data-widget_type=\"image.default\">\n\t\t\t\t<div class=\"elementor-widget-container\">\n\t\t\t\t\t\t\t\t\t\t\t\t\t\t\t\t<a href=\"https:\/\/www.cosmebio.org\/fr\/le-label\/\">\n\t\t\t\t\t\t\t<img decoding=\"async\" width=\"1024\" height=\"978\" src=\"https:\/\/preprod.ylae.fr\/wp-content\/uploads\/2025\/05\/certifie-bio-logo-cosmos-1024x978.webp\" class=\"attachment-large size-large wp-image-1816\" alt=\"\" srcset=\"https:\/\/preprod.ylae.fr\/wp-content\/uploads\/2025\/05\/certifie-bio-logo-cosmos-1024x978.webp 1024w, https:\/\/preprod.ylae.fr\/wp-content\/uploads\/2025\/05\/certifie-bio-logo-cosmos-300x287.webp 300w, https:\/\/preprod.ylae.fr\/wp-content\/uploads\/2025\/05\/certifie-bio-logo-cosmos-768x734.webp 768w, https:\/\/preprod.ylae.fr\/wp-content\/uploads\/2025\/05\/certifie-bio-logo-cosmos-600x573.webp 600w, https:\/\/preprod.ylae.fr\/wp-content\/uploads\/2025\/05\/certifie-bio-logo-cosmos-64x61.webp 64w, https:\/\/preprod.ylae.fr\/wp-content\/uploads\/2025\/05\/certifie-bio-logo-cosmos.webp 1412w\" sizes=\"(max-width: 1024px) 100vw, 1024px\" \/>\t\t\t\t\t\t\t\t<\/a>\n\t\t\t\t\t\t\t\t\t\t\t\t\t\t\t<\/div>\n\t\t\t\t<\/div>\n\t\t\t\t<div class=\"elementor-element elementor-element-6d3c686f elementor-widget elementor-widget-text-editor\" data-id=\"6d3c686f\" data-element_type=\"widget\" data-widget_type=\"text-editor.default\">\n\t\t\t\t<div class=\"elementor-widget-container\">\n\t\t\t\t\t\t\t\t\t<p style=\"text-align: center;\"><span style=\"color: #808080;\"><a style=\"color: #808080;\" href=\"https:\/\/www.cosmebio.org\/fr\/le-label\/\"><strong>Certifi\u00e9 biologique<\/strong><\/a><\/span><\/p>\t\t\t\t\t\t\t\t<\/div>\n\t\t\t\t<\/div>\n\t\t\t\t<\/div>\n\t\t<div class=\"elementor-element elementor-element-53f46fca e-con-full e-flex e-con e-child\" data-id=\"53f46fca\" data-element_type=\"container\">\n\t\t\t\t<div class=\"elementor-element elementor-element-65e0622a elementor-widget elementor-widget-image\" data-id=\"65e0622a\" data-element_type=\"widget\" data-widget_type=\"image.default\">\n\t\t\t\t<div class=\"elementor-widget-container\">\n\t\t\t\t\t\t\t\t\t\t\t\t\t\t\t\t<a href=\"\/notre-philosophie\/\">\n\t\t\t\t\t\t\t<img decoding=\"async\" width=\"1024\" height=\"1024\" src=\"https:\/\/preprod.ylae.fr\/wp-content\/uploads\/2025\/05\/fabrication-france-oxalia-1024x1024.webp\" class=\"attachment-large size-large wp-image-1819\" alt=\"\" srcset=\"https:\/\/preprod.ylae.fr\/wp-content\/uploads\/2025\/05\/fabrication-france-oxalia-1024x1024.webp 1024w, https:\/\/preprod.ylae.fr\/wp-content\/uploads\/2025\/05\/fabrication-france-oxalia-300x300.webp 300w, https:\/\/preprod.ylae.fr\/wp-content\/uploads\/2025\/05\/fabrication-france-oxalia-150x150.webp 150w, https:\/\/preprod.ylae.fr\/wp-content\/uploads\/2025\/05\/fabrication-france-oxalia-768x768.webp 768w, https:\/\/preprod.ylae.fr\/wp-content\/uploads\/2025\/05\/fabrication-france-oxalia-600x600.webp 600w, https:\/\/preprod.ylae.fr\/wp-content\/uploads\/2025\/05\/fabrication-france-oxalia-100x100.webp 100w, https:\/\/preprod.ylae.fr\/wp-content\/uploads\/2025\/05\/fabrication-france-oxalia-64x64.webp 64w, https:\/\/preprod.ylae.fr\/wp-content\/uploads\/2025\/05\/fabrication-france-oxalia.webp 1458w\" sizes=\"(max-width: 1024px) 100vw, 1024px\" \/>\t\t\t\t\t\t\t\t<\/a>\n\t\t\t\t\t\t\t\t\t\t\t\t\t\t\t<\/div>\n\t\t\t\t<\/div>\n\t\t\t\t<div class=\"elementor-element elementor-element-76203d91 elementor-widget elementor-widget-text-editor\" data-id=\"76203d91\" data-element_type=\"widget\" data-widget_type=\"text-editor.default\">\n\t\t\t\t<div class=\"elementor-widget-container\">\n\t\t\t\t\t\t\t\t\t<p style=\"text-align: center;\"><span style=\"color: #808080;\"><a style=\"color: #808080;\" href=\"\/notre-philosophie\/\"><strong>Fabriqu\u00e9 en France<\/strong><\/a><\/span><\/p>\t\t\t\t\t\t\t\t<\/div>\n\t\t\t\t<\/div>\n\t\t\t\t<\/div>\n\t\t\t\t<\/div>\n\t\t<div class=\"elementor-element elementor-element-66777ef4 e-flex e-con-boxed e-con e-parent\" data-id=\"66777ef4\" data-element_type=\"container\" data-settings=\"{&quot;background_background&quot;:&quot;classic&quot;}\">\n\t\t\t\t\t<div class=\"e-con-inner\">\n\t\t\t\t<div class=\"elementor-element elementor-element-6cedc840 elementor-widget elementor-widget-heading\" data-id=\"6cedc840\" data-element_type=\"widget\" data-widget_type=\"heading.default\">\n\t\t\t\t<div class=\"elementor-widget-container\">\n\t\t\t\t\t<h2 class=\"elementor-heading-title elementor-size-default\">TEASER<\/h2>\t\t\t\t<\/div>\n\t\t\t\t<\/div>\n\t\t\t\t\t<\/div>\n\t\t\t\t<\/div>\n\t\t<div class=\"elementor-element elementor-element-6560187b e-flex e-con-boxed e-con e-parent\" data-id=\"6560187b\" data-element_type=\"container\">\n\t\t\t\t\t<div class=\"e-con-inner\">\n\t\t\t\t<div class=\"elementor-element elementor-element-65428327 elementor-widget elementor-widget-video\" data-id=\"65428327\" data-element_type=\"widget\" data-settings=\"{&quot;youtube_url&quot;:&quot;https:\\\/\\\/youtu.be\\\/w1hQdvEHZRM&quot;,&quot;video_type&quot;:&quot;youtube&quot;,&quot;controls&quot;:&quot;yes&quot;}\" data-widget_type=\"video.default\">\n\t\t\t\t<div class=\"elementor-widget-container\">\n\t\t\t\t\t\t\t<div class=\"elementor-wrapper elementor-open-inline\">\n\t\t\t<div class=\"elementor-video\"><\/div>\t\t<\/div>\n\t\t\t\t\t\t<\/div>\n\t\t\t\t<\/div>\n\t\t\t\t\t<\/div>\n\t\t\t\t<\/div>\n\t\t\t\t<\/div>\n\t\t","protected":false},"excerpt":{"rendered":"<p>Soin exotique visage &amp; corps<\/p>\n","protected":false},"featured_media":3076,"comment_status":"open","ping_status":"closed","template":"","meta":{"_acf_changed":false,"ocean_post_layout":"","ocean_both_sidebars_style":"","ocean_both_sidebars_content_width":0,"ocean_both_sidebars_sidebars_width":0,"ocean_sidebar":"0","ocean_second_sidebar":"0","ocean_disable_margins":"enable","ocean_add_body_class":"","ocean_shortcode_before_top_bar":"","ocean_shortcode_after_top_bar":"","ocean_shortcode_before_header":"","ocean_shortcode_after_header":"","ocean_has_shortcode":"","ocean_shortcode_after_title":"","ocean_shortcode_before_footer_widgets":"","ocean_shortcode_after_footer_widgets":"","ocean_shortcode_before_footer_bottom":"","ocean_shortcode_after_footer_bottom":"","ocean_display_top_bar":"default","ocean_display_header":"default","ocean_header_style":"","ocean_center_header_left_menu":"0","ocean_custom_header_template":"0","ocean_custom_logo":0,"ocean_custom_retina_logo":0,"ocean_custom_logo_max_width":0,"ocean_custom_logo_tablet_max_width":0,"ocean_custom_logo_mobile_max_width":0,"ocean_custom_logo_max_height":0,"ocean_custom_logo_tablet_max_height":0,"ocean_custom_logo_mobile_max_height":0,"ocean_header_custom_menu":"0","ocean_menu_typo_font_family":"0","ocean_menu_typo_font_subset":"","ocean_menu_typo_font_size":0,"ocean_menu_typo_font_size_tablet":0,"ocean_menu_typo_font_size_mobile":0,"ocean_menu_typo_font_size_unit":"px","ocean_menu_typo_font_weight":"","ocean_menu_typo_font_weight_tablet":"","ocean_menu_typo_font_weight_mobile":"","ocean_menu_typo_transform":"","ocean_menu_typo_transform_tablet":"","ocean_menu_typo_transform_mobile":"","ocean_menu_typo_line_height":0,"ocean_menu_typo_line_height_tablet":0,"ocean_menu_typo_line_height_mobile":0,"ocean_menu_typo_line_height_unit":"","ocean_menu_typo_spacing":0,"ocean_menu_typo_spacing_tablet":0,"ocean_menu_typo_spacing_mobile":0,"ocean_menu_typo_spacing_unit":"","ocean_menu_link_color":"","ocean_menu_link_color_hover":"","ocean_menu_link_color_active":"","ocean_menu_link_background":"","ocean_menu_link_hover_background":"","ocean_menu_link_active_background":"","ocean_menu_social_links_bg":"","ocean_menu_social_hover_links_bg":"","ocean_menu_social_links_color":"","ocean_menu_social_hover_links_color":"","ocean_disable_title":"default","ocean_disable_heading":"default","ocean_post_title":"","ocean_post_subheading":"","ocean_post_title_style":"","ocean_post_title_background_color":"","ocean_post_title_background":0,"ocean_post_title_bg_image_position":"","ocean_post_title_bg_image_attachment":"","ocean_post_title_bg_image_repeat":"","ocean_post_title_bg_image_size":"","ocean_post_title_height":0,"ocean_post_title_bg_overlay":0.5,"ocean_post_title_bg_overlay_color":"","ocean_disable_breadcrumbs":"default","ocean_breadcrumbs_color":"","ocean_breadcrumbs_separator_color":"","ocean_breadcrumbs_links_color":"","ocean_breadcrumbs_links_hover_color":"","ocean_display_footer_widgets":"default","ocean_display_footer_bottom":"default","ocean_custom_footer_template":"0"},"product_brand":[],"product_cat":[103,36],"product_tag":[],"class_list":{"0":"post-3149","1":"product","2":"type-product","3":"status-publish","4":"has-post-thumbnail","6":"product_cat-soins-corps","7":"product_cat-soins","9":"entry","10":"has-media","12":"first","13":"instock","14":"shipping-taxable","15":"product-type-simple","16":"has-product-nav","17":"col","18":"span_1_of_4","19":"owp-content-center","20":"owp-thumbs-layout-horizontal","21":"owp-btn-normal","22":"owp-tabs-layout-horizontal","23":"has-no-thumbnails"},"acf":[],"yoast_head":"<!-- This site is optimized with the Yoast SEO plugin v25.4 - https:\/\/yoast.com\/wordpress\/plugins\/seo\/ -->\n<title>Escale Polyn\u00e9sienne \u2013 Soin exotique visage &amp; corps | Oxalia<\/title>\n<meta name=\"description\" content=\"Soin relaxant aux senteurs de mono\u00ef &amp; coco : massage hawa\u00efen, peau douce et nourrie. Une \u00e9vasion sensorielle au c\u0153ur des \u00eeles du Pacifique.\" \/>\n<meta name=\"robots\" content=\"noindex, follow, max-snippet:-1, max-image-preview:large, max-video-preview:-1\" \/>\n<meta property=\"og:locale\" content=\"en_US\" \/>\n<meta property=\"og:type\" content=\"article\" \/>\n<meta property=\"og:title\" content=\"Escale Polyn\u00e9sienne \u2013 Soin exotique visage &amp; corps | Oxalia\" \/>\n<meta property=\"og:description\" content=\"Soin relaxant aux senteurs de mono\u00ef &amp; coco : massage hawa\u00efen, peau douce et nourrie. Une \u00e9vasion sensorielle au c\u0153ur des \u00eeles du Pacifique.\" \/>\n<meta property=\"og:url\" content=\"https:\/\/preprod.ylae.fr\/en\/produit\/escale-polynesienne\/\" \/>\n<meta property=\"og:site_name\" content=\"Oxalia\" \/>\n<meta property=\"article:modified_time\" content=\"2025-06-26T09:32:33+00:00\" \/>\n<meta property=\"og:image\" content=\"https:\/\/preprod.ylae.fr\/wp-content\/uploads\/2025\/06\/escale-polynesienne-soin-corps.webp\" \/>\n\t<meta property=\"og:image:width\" content=\"850\" \/>\n\t<meta property=\"og:image:height\" content=\"1000\" \/>\n\t<meta property=\"og:image:type\" content=\"image\/webp\" \/>\n<meta name=\"twitter:card\" content=\"summary_large_image\" \/>\n<script type=\"application\/ld+json\" class=\"yoast-schema-graph\">{\"@context\":\"https:\/\/schema.org\",\"@graph\":[{\"@type\":\"WebPage\",\"@id\":\"https:\/\/preprod.ylae.fr\/en\/produit\/escale-polynesienne\/\",\"url\":\"https:\/\/preprod.ylae.fr\/en\/produit\/escale-polynesienne\/\",\"name\":\"Escale Polyn\u00e9sienne \u2013 Soin exotique visage & corps | Oxalia\",\"isPartOf\":{\"@id\":\"https:\/\/preprod.ylae.fr\/en\/#website\"},\"primaryImageOfPage\":{\"@id\":\"https:\/\/preprod.ylae.fr\/en\/produit\/escale-polynesienne\/#primaryimage\"},\"image\":{\"@id\":\"https:\/\/preprod.ylae.fr\/en\/produit\/escale-polynesienne\/#primaryimage\"},\"thumbnailUrl\":\"https:\/\/preprod.ylae.fr\/wp-content\/uploads\/2025\/06\/escale-polynesienne-soin-corps.webp\",\"datePublished\":\"2025-06-26T09:09:57+00:00\",\"dateModified\":\"2025-06-26T09:32:33+00:00\",\"description\":\"Soin relaxant aux senteurs de mono\u00ef & coco : massage hawa\u00efen, peau douce et nourrie. Une \u00e9vasion sensorielle au c\u0153ur des \u00eeles du Pacifique.\",\"breadcrumb\":{\"@id\":\"https:\/\/preprod.ylae.fr\/en\/produit\/escale-polynesienne\/#breadcrumb\"},\"inLanguage\":\"en-US\",\"potentialAction\":[{\"@type\":\"ReadAction\",\"target\":[\"https:\/\/preprod.ylae.fr\/en\/produit\/escale-polynesienne\/\"]}]},{\"@type\":\"ImageObject\",\"inLanguage\":\"en-US\",\"@id\":\"https:\/\/preprod.ylae.fr\/en\/produit\/escale-polynesienne\/#primaryimage\",\"url\":\"https:\/\/preprod.ylae.fr\/wp-content\/uploads\/2025\/06\/escale-polynesienne-soin-corps.webp\",\"contentUrl\":\"https:\/\/preprod.ylae.fr\/wp-content\/uploads\/2025\/06\/escale-polynesienne-soin-corps.webp\",\"width\":850,\"height\":1000,\"caption\":\"Soin corps escale\"},{\"@type\":\"BreadcrumbList\",\"@id\":\"https:\/\/preprod.ylae.fr\/en\/produit\/escale-polynesienne\/#breadcrumb\",\"itemListElement\":[{\"@type\":\"ListItem\",\"position\":1,\"name\":\"Accueil\",\"item\":\"https:\/\/preprod.ylae.fr\/en\/\"},{\"@type\":\"ListItem\",\"position\":2,\"name\":\"Shop\",\"item\":\"https:\/\/preprod.ylae.fr\/en\/shop\/\"},{\"@type\":\"ListItem\",\"position\":3,\"name\":\"Escale Polyn\u00e9sienne\"}]},{\"@type\":\"WebSite\",\"@id\":\"https:\/\/preprod.ylae.fr\/en\/#website\",\"url\":\"https:\/\/preprod.ylae.fr\/en\/\",\"name\":\"Oxalia\",\"description\":\"Cosm\u00e9tiques professionnels, biologiques, naturels et fabriqu\u00e9s en France\",\"publisher\":{\"@id\":\"https:\/\/preprod.ylae.fr\/en\/#organization\"},\"potentialAction\":[{\"@type\":\"SearchAction\",\"target\":{\"@type\":\"EntryPoint\",\"urlTemplate\":\"https:\/\/preprod.ylae.fr\/en\/?s={search_term_string}\"},\"query-input\":{\"@type\":\"PropertyValueSpecification\",\"valueRequired\":true,\"valueName\":\"search_term_string\"}}],\"inLanguage\":\"en-US\"},{\"@type\":\"Organization\",\"@id\":\"https:\/\/preprod.ylae.fr\/en\/#organization\",\"name\":\"Oxalia\",\"url\":\"https:\/\/preprod.ylae.fr\/en\/\",\"logo\":{\"@type\":\"ImageObject\",\"inLanguage\":\"en-US\",\"@id\":\"https:\/\/preprod.ylae.fr\/en\/#\/schema\/logo\/image\/\",\"url\":\"https:\/\/preprod.ylae.fr\/wp-content\/uploads\/2025\/04\/logo-oxalia-gris.webp\",\"contentUrl\":\"https:\/\/preprod.ylae.fr\/wp-content\/uploads\/2025\/04\/logo-oxalia-gris.webp\",\"width\":241,\"height\":76,\"caption\":\"Oxalia\"},\"image\":{\"@id\":\"https:\/\/preprod.ylae.fr\/en\/#\/schema\/logo\/image\/\"}}]}<\/script>\n<!-- \/ Yoast SEO plugin. -->","yoast_head_json":{"title":"Escale Polyn\u00e9sienne \u2013 Soin exotique visage & corps | Oxalia","description":"Soin relaxant aux senteurs de mono\u00ef & coco : massage hawa\u00efen, peau douce et nourrie. Une \u00e9vasion sensorielle au c\u0153ur des \u00eeles du Pacifique.","robots":{"index":"noindex","follow":"follow","max-snippet":"max-snippet:-1","max-image-preview":"max-image-preview:large","max-video-preview":"max-video-preview:-1"},"og_locale":"en_US","og_type":"article","og_title":"Escale Polyn\u00e9sienne \u2013 Soin exotique visage & corps | Oxalia","og_description":"Soin relaxant aux senteurs de mono\u00ef & coco : massage hawa\u00efen, peau douce et nourrie. Une \u00e9vasion sensorielle au c\u0153ur des \u00eeles du Pacifique.","og_url":"https:\/\/preprod.ylae.fr\/en\/produit\/escale-polynesienne\/","og_site_name":"Oxalia","article_modified_time":"2025-06-26T09:32:33+00:00","og_image":[{"width":850,"height":1000,"url":"https:\/\/preprod.ylae.fr\/wp-content\/uploads\/2025\/06\/escale-polynesienne-soin-corps.webp","type":"image\/webp"}],"twitter_card":"summary_large_image","schema":{"@context":"https:\/\/schema.org","@graph":[{"@type":"WebPage","@id":"https:\/\/preprod.ylae.fr\/en\/produit\/escale-polynesienne\/","url":"https:\/\/preprod.ylae.fr\/en\/produit\/escale-polynesienne\/","name":"Escale Polyn\u00e9sienne \u2013 Soin exotique visage & corps | Oxalia","isPartOf":{"@id":"https:\/\/preprod.ylae.fr\/en\/#website"},"primaryImageOfPage":{"@id":"https:\/\/preprod.ylae.fr\/en\/produit\/escale-polynesienne\/#primaryimage"},"image":{"@id":"https:\/\/preprod.ylae.fr\/en\/produit\/escale-polynesienne\/#primaryimage"},"thumbnailUrl":"https:\/\/preprod.ylae.fr\/wp-content\/uploads\/2025\/06\/escale-polynesienne-soin-corps.webp","datePublished":"2025-06-26T09:09:57+00:00","dateModified":"2025-06-26T09:32:33+00:00","description":"Soin relaxant aux senteurs de mono\u00ef & coco : massage hawa\u00efen, peau douce et nourrie. Une \u00e9vasion sensorielle au c\u0153ur des \u00eeles du Pacifique.","breadcrumb":{"@id":"https:\/\/preprod.ylae.fr\/en\/produit\/escale-polynesienne\/#breadcrumb"},"inLanguage":"en-US","potentialAction":[{"@type":"ReadAction","target":["https:\/\/preprod.ylae.fr\/en\/produit\/escale-polynesienne\/"]}]},{"@type":"ImageObject","inLanguage":"en-US","@id":"https:\/\/preprod.ylae.fr\/en\/produit\/escale-polynesienne\/#primaryimage","url":"https:\/\/preprod.ylae.fr\/wp-content\/uploads\/2025\/06\/escale-polynesienne-soin-corps.webp","contentUrl":"https:\/\/preprod.ylae.fr\/wp-content\/uploads\/2025\/06\/escale-polynesienne-soin-corps.webp","width":850,"height":1000,"caption":"Soin corps escale"},{"@type":"BreadcrumbList","@id":"https:\/\/preprod.ylae.fr\/en\/produit\/escale-polynesienne\/#breadcrumb","itemListElement":[{"@type":"ListItem","position":1,"name":"Accueil","item":"https:\/\/preprod.ylae.fr\/en\/"},{"@type":"ListItem","position":2,"name":"Shop","item":"https:\/\/preprod.ylae.fr\/en\/shop\/"},{"@type":"ListItem","position":3,"name":"Escale Polyn\u00e9sienne"}]},{"@type":"WebSite","@id":"https:\/\/preprod.ylae.fr\/en\/#website","url":"https:\/\/preprod.ylae.fr\/en\/","name":"Oxalia","description":"Cosm\u00e9tiques professionnels, biologiques, naturels et fabriqu\u00e9s en France","publisher":{"@id":"https:\/\/preprod.ylae.fr\/en\/#organization"},"potentialAction":[{"@type":"SearchAction","target":{"@type":"EntryPoint","urlTemplate":"https:\/\/preprod.ylae.fr\/en\/?s={search_term_string}"},"query-input":{"@type":"PropertyValueSpecification","valueRequired":true,"valueName":"search_term_string"}}],"inLanguage":"en-US"},{"@type":"Organization","@id":"https:\/\/preprod.ylae.fr\/en\/#organization","name":"Oxalia","url":"https:\/\/preprod.ylae.fr\/en\/","logo":{"@type":"ImageObject","inLanguage":"en-US","@id":"https:\/\/preprod.ylae.fr\/en\/#\/schema\/logo\/image\/","url":"https:\/\/preprod.ylae.fr\/wp-content\/uploads\/2025\/04\/logo-oxalia-gris.webp","contentUrl":"https:\/\/preprod.ylae.fr\/wp-content\/uploads\/2025\/04\/logo-oxalia-gris.webp","width":241,"height":76,"caption":"Oxalia"},"image":{"@id":"https:\/\/preprod.ylae.fr\/en\/#\/schema\/logo\/image\/"}}]}},"jetpack_sharing_enabled":true,"_links":{"self":[{"href":"https:\/\/preprod.ylae.fr\/en\/wp-json\/wp\/v2\/product\/3149","targetHints":{"allow":["GET"]}}],"collection":[{"href":"https:\/\/preprod.ylae.fr\/en\/wp-json\/wp\/v2\/product"}],"about":[{"href":"https:\/\/preprod.ylae.fr\/en\/wp-json\/wp\/v2\/types\/product"}],"replies":[{"embeddable":true,"href":"https:\/\/preprod.ylae.fr\/en\/wp-json\/wp\/v2\/comments?post=3149"}],"version-history":[{"count":7,"href":"https:\/\/preprod.ylae.fr\/en\/wp-json\/wp\/v2\/product\/3149\/revisions"}],"predecessor-version":[{"id":3157,"href":"https:\/\/preprod.ylae.fr\/en\/wp-json\/wp\/v2\/product\/3149\/revisions\/3157"}],"wp:featuredmedia":[{"embeddable":true,"href":"https:\/\/preprod.ylae.fr\/en\/wp-json\/wp\/v2\/media\/3076"}],"wp:attachment":[{"href":"https:\/\/preprod.ylae.fr\/en\/wp-json\/wp\/v2\/media?parent=3149"}],"wp:term":[{"taxonomy":"product_brand","embeddable":true,"href":"https:\/\/preprod.ylae.fr\/en\/wp-json\/wp\/v2\/product_brand?post=3149"},{"taxonomy":"product_cat","embeddable":true,"href":"https:\/\/preprod.ylae.fr\/en\/wp-json\/wp\/v2\/product_cat?post=3149"},{"taxonomy":"product_tag","embeddable":true,"href":"https:\/\/preprod.ylae.fr\/en\/wp-json\/wp\/v2\/product_tag?post=3149"}],"curies":[{"name":"wp","href":"https:\/\/api.w.org\/{rel}","templated":true}]}}