{"id":2980,"date":"2025-06-25T10:34:34","date_gmt":"2025-06-25T08:34:34","guid":{"rendered":"https:\/\/preprod.ylae.fr\/?post_type=product&#038;p=2980"},"modified":"2025-06-25T10:39:31","modified_gmt":"2025-06-25T08:39:31","slug":"reve-de-purete","status":"publish","type":"product","link":"https:\/\/preprod.ylae.fr\/es\/produit\/reve-de-purete\/","title":{"rendered":"R\u00eave de puret\u00e9"},"content":{"rendered":"\t\t<div data-elementor-type=\"product-post\" data-elementor-id=\"2980\" class=\"elementor elementor-2980\" data-elementor-post-type=\"product\">\n\t\t\t\t<div class=\"elementor-element elementor-element-5a8c84ac e-flex e-con-boxed e-con e-parent\" data-id=\"5a8c84ac\" data-element_type=\"container\">\n\t\t\t\t\t<div class=\"e-con-inner\">\n\t\t\t\t<div class=\"elementor-element elementor-element-21f225cc elementor-widget elementor-widget-text-editor\" data-id=\"21f225cc\" data-element_type=\"widget\" data-widget_type=\"text-editor.default\">\n\t\t\t\t<div class=\"elementor-widget-container\">\n\t\t\t\t\t\t\t\t\t<h2><strong>Soin\u00a0r\u00e9\u00e9quilibrant<\/strong><\/h2><h3><em>Pour les peaux mixtes \u00e0 grasses<\/em><\/h3><p>Un modelage drainant avec une pierre de gua sha en aventurine verte, combin\u00e9 \u00e0 un gel exfoliant aux coques de noisette et un masque r\u00e9\u00e9quilibrant \u00e0 l&#8217;argile verte, pour purifier la peau et r\u00e9guler la production de s\u00e9bum. Ce soin aide \u00e0 r\u00e9duire les imperfections tout en apportant fra\u00eecheur et \u00e9quilibre. Retrouvez une peau nette et matifi\u00e9e.<\/p><p><em><strong><span style=\"text-decoration: underline;\">Dur\u00e9e:<\/span> 60min<\/strong><\/em><\/p>\t\t\t\t\t\t\t\t<\/div>\n\t\t\t\t<\/div>\n\t\t\t\t\t<\/div>\n\t\t\t\t<\/div>\n\t\t<div class=\"elementor-element elementor-element-5cccae2a e-con-full e-flex e-con e-child\" data-id=\"5cccae2a\" data-element_type=\"container\">\n\t\t<div class=\"elementor-element elementor-element-4149138f e-con-full e-flex e-con e-child\" data-id=\"4149138f\" data-element_type=\"container\">\n\t\t\t\t<div class=\"elementor-element elementor-element-13cddd53 elementor-widget elementor-widget-image\" data-id=\"13cddd53\" data-element_type=\"widget\" data-widget_type=\"image.default\">\n\t\t\t\t<div class=\"elementor-widget-container\">\n\t\t\t\t\t\t\t\t\t\t\t\t\t\t\t\t<a href=\"\/instituts-estheticiennes-partenaires\/\">\n\t\t\t\t\t\t\t<img fetchpriority=\"high\" decoding=\"async\" width=\"350\" height=\"350\" src=\"https:\/\/preprod.ylae.fr\/wp-content\/uploads\/2025\/05\/institut-1.webp\" class=\"attachment-large size-large wp-image-1826\" alt=\"\" srcset=\"https:\/\/preprod.ylae.fr\/wp-content\/uploads\/2025\/05\/institut-1.webp 350w, https:\/\/preprod.ylae.fr\/wp-content\/uploads\/2025\/05\/institut-1-300x300.webp 300w, https:\/\/preprod.ylae.fr\/wp-content\/uploads\/2025\/05\/institut-1-150x150.webp 150w, https:\/\/preprod.ylae.fr\/wp-content\/uploads\/2025\/05\/institut-1-100x100.webp 100w, https:\/\/preprod.ylae.fr\/wp-content\/uploads\/2025\/05\/institut-1-64x64.webp 64w\" sizes=\"(max-width: 350px) 100vw, 350px\" \/>\t\t\t\t\t\t\t\t<\/a>\n\t\t\t\t\t\t\t\t\t\t\t\t\t\t\t<\/div>\n\t\t\t\t<\/div>\n\t\t\t\t<div class=\"elementor-element elementor-element-84b6f2c elementor-widget elementor-widget-text-editor\" data-id=\"84b6f2c\" data-element_type=\"widget\" data-widget_type=\"text-editor.default\">\n\t\t\t\t<div class=\"elementor-widget-container\">\n\t\t\t\t\t\t\t\t\t<p style=\"text-align: center;\"><span style=\"color: #808080;\"><a style=\"color: #808080;\" href=\"\/instituts-estheticiennes-partenaires\/\"><strong>Trouvez votre institut<\/strong><\/a><\/span><\/p>\t\t\t\t\t\t\t\t<\/div>\n\t\t\t\t<\/div>\n\t\t\t\t<\/div>\n\t\t<div class=\"elementor-element elementor-element-7ba6d7fa e-con-full e-flex e-con e-child\" data-id=\"7ba6d7fa\" data-element_type=\"container\">\n\t\t\t\t<div class=\"elementor-element elementor-element-5c6fb017 elementor-widget elementor-widget-image\" data-id=\"5c6fb017\" data-element_type=\"widget\" data-widget_type=\"image.default\">\n\t\t\t\t<div class=\"elementor-widget-container\">\n\t\t\t\t\t\t\t\t\t\t\t\t\t\t\t\t<a href=\"https:\/\/www.cosmebio.org\/fr\/le-label\/\">\n\t\t\t\t\t\t\t<img decoding=\"async\" width=\"1024\" height=\"978\" src=\"https:\/\/preprod.ylae.fr\/wp-content\/uploads\/2025\/05\/certifie-bio-logo-cosmos-1024x978.webp\" class=\"attachment-large size-large wp-image-1817\" alt=\"\" srcset=\"https:\/\/preprod.ylae.fr\/wp-content\/uploads\/2025\/05\/certifie-bio-logo-cosmos-1024x978.webp 1024w, https:\/\/preprod.ylae.fr\/wp-content\/uploads\/2025\/05\/certifie-bio-logo-cosmos-300x287.webp 300w, https:\/\/preprod.ylae.fr\/wp-content\/uploads\/2025\/05\/certifie-bio-logo-cosmos-768x734.webp 768w, https:\/\/preprod.ylae.fr\/wp-content\/uploads\/2025\/05\/certifie-bio-logo-cosmos-600x573.webp 600w, https:\/\/preprod.ylae.fr\/wp-content\/uploads\/2025\/05\/certifie-bio-logo-cosmos-64x61.webp 64w, https:\/\/preprod.ylae.fr\/wp-content\/uploads\/2025\/05\/certifie-bio-logo-cosmos.webp 1412w\" sizes=\"(max-width: 1024px) 100vw, 1024px\" \/>\t\t\t\t\t\t\t\t<\/a>\n\t\t\t\t\t\t\t\t\t\t\t\t\t\t\t<\/div>\n\t\t\t\t<\/div>\n\t\t\t\t<div class=\"elementor-element elementor-element-4263f00b elementor-widget elementor-widget-text-editor\" data-id=\"4263f00b\" data-element_type=\"widget\" data-widget_type=\"text-editor.default\">\n\t\t\t\t<div class=\"elementor-widget-container\">\n\t\t\t\t\t\t\t\t\t<p style=\"text-align: center;\"><span style=\"color: #808080;\"><a style=\"color: #808080;\" href=\"https:\/\/www.cosmebio.org\/fr\/le-label\/\"><strong>Certifi\u00e9 biologique<\/strong><\/a><\/span><\/p>\t\t\t\t\t\t\t\t<\/div>\n\t\t\t\t<\/div>\n\t\t\t\t<\/div>\n\t\t<div class=\"elementor-element elementor-element-5c90b31e e-con-full e-flex e-con e-child\" data-id=\"5c90b31e\" data-element_type=\"container\">\n\t\t\t\t<div class=\"elementor-element elementor-element-2b147c12 elementor-widget elementor-widget-image\" data-id=\"2b147c12\" data-element_type=\"widget\" data-widget_type=\"image.default\">\n\t\t\t\t<div class=\"elementor-widget-container\">\n\t\t\t\t\t\t\t\t\t\t\t\t\t\t\t\t<a href=\"\/notre-philosophie\/\">\n\t\t\t\t\t\t\t<img decoding=\"async\" width=\"1024\" height=\"1024\" src=\"https:\/\/preprod.ylae.fr\/wp-content\/uploads\/2025\/05\/fabrication-france-oxalia-1024x1024.webp\" class=\"attachment-large size-large wp-image-1820\" alt=\"\" srcset=\"https:\/\/preprod.ylae.fr\/wp-content\/uploads\/2025\/05\/fabrication-france-oxalia-1024x1024.webp 1024w, https:\/\/preprod.ylae.fr\/wp-content\/uploads\/2025\/05\/fabrication-france-oxalia-300x300.webp 300w, https:\/\/preprod.ylae.fr\/wp-content\/uploads\/2025\/05\/fabrication-france-oxalia-150x150.webp 150w, https:\/\/preprod.ylae.fr\/wp-content\/uploads\/2025\/05\/fabrication-france-oxalia-768x768.webp 768w, https:\/\/preprod.ylae.fr\/wp-content\/uploads\/2025\/05\/fabrication-france-oxalia-600x600.webp 600w, https:\/\/preprod.ylae.fr\/wp-content\/uploads\/2025\/05\/fabrication-france-oxalia-100x100.webp 100w, https:\/\/preprod.ylae.fr\/wp-content\/uploads\/2025\/05\/fabrication-france-oxalia-64x64.webp 64w, https:\/\/preprod.ylae.fr\/wp-content\/uploads\/2025\/05\/fabrication-france-oxalia.webp 1458w\" sizes=\"(max-width: 1024px) 100vw, 1024px\" \/>\t\t\t\t\t\t\t\t<\/a>\n\t\t\t\t\t\t\t\t\t\t\t\t\t\t\t<\/div>\n\t\t\t\t<\/div>\n\t\t\t\t<div class=\"elementor-element elementor-element-5f08c450 elementor-widget elementor-widget-text-editor\" data-id=\"5f08c450\" data-element_type=\"widget\" data-widget_type=\"text-editor.default\">\n\t\t\t\t<div class=\"elementor-widget-container\">\n\t\t\t\t\t\t\t\t\t<p style=\"text-align: center;\"><span style=\"color: #808080;\"><a style=\"color: #808080;\" href=\"\/notre-philosophie\/\"><strong>Fabriqu\u00e9 en France<\/strong><\/a><\/span><\/p>\t\t\t\t\t\t\t\t<\/div>\n\t\t\t\t<\/div>\n\t\t\t\t<\/div>\n\t\t\t\t<\/div>\n\t\t<div class=\"elementor-element elementor-element-f8a507d e-flex e-con-boxed e-con e-parent\" data-id=\"f8a507d\" data-element_type=\"container\" data-settings=\"{&quot;background_background&quot;:&quot;classic&quot;}\">\n\t\t\t\t\t<div class=\"e-con-inner\">\n\t\t\t\t<div class=\"elementor-element elementor-element-796fc557 elementor-widget elementor-widget-heading\" data-id=\"796fc557\" data-element_type=\"widget\" data-widget_type=\"heading.default\">\n\t\t\t\t<div class=\"elementor-widget-container\">\n\t\t\t\t\t<h2 class=\"elementor-heading-title elementor-size-default\">TEASER<\/h2>\t\t\t\t<\/div>\n\t\t\t\t<\/div>\n\t\t\t\t\t<\/div>\n\t\t\t\t<\/div>\n\t\t<div class=\"elementor-element elementor-element-2dd8aabd e-flex e-con-boxed e-con e-parent\" data-id=\"2dd8aabd\" data-element_type=\"container\">\n\t\t\t\t\t<div class=\"e-con-inner\">\n\t\t\t\t<div class=\"elementor-element elementor-element-b2f68d0 elementor-widget elementor-widget-video\" data-id=\"b2f68d0\" data-element_type=\"widget\" data-settings=\"{&quot;youtube_url&quot;:&quot;https:\\\/\\\/youtu.be\\\/6URoKdHKyXs&quot;,&quot;video_type&quot;:&quot;youtube&quot;,&quot;controls&quot;:&quot;yes&quot;}\" data-widget_type=\"video.default\">\n\t\t\t\t<div class=\"elementor-widget-container\">\n\t\t\t\t\t\t\t<div class=\"elementor-wrapper elementor-open-inline\">\n\t\t\t<div class=\"elementor-video\"><\/div>\t\t<\/div>\n\t\t\t\t\t\t<\/div>\n\t\t\t\t<\/div>\n\t\t\t\t\t<\/div>\n\t\t\t\t<\/div>\n\t\t\t\t<\/div>\n\t\t","protected":false},"excerpt":{"rendered":"<p>Soin\u00a0r\u00e9\u00e9quilibrant<\/p>\n","protected":false},"featured_media":2981,"comment_status":"open","ping_status":"closed","template":"","meta":{"_acf_changed":false,"ocean_post_layout":"","ocean_both_sidebars_style":"","ocean_both_sidebars_content_width":0,"ocean_both_sidebars_sidebars_width":0,"ocean_sidebar":"0","ocean_second_sidebar":"0","ocean_disable_margins":"enable","ocean_add_body_class":"","ocean_shortcode_before_top_bar":"","ocean_shortcode_after_top_bar":"","ocean_shortcode_before_header":"","ocean_shortcode_after_header":"","ocean_has_shortcode":"","ocean_shortcode_after_title":"","ocean_shortcode_before_footer_widgets":"","ocean_shortcode_after_footer_widgets":"","ocean_shortcode_before_footer_bottom":"","ocean_shortcode_after_footer_bottom":"","ocean_display_top_bar":"default","ocean_display_header":"default","ocean_header_style":"","ocean_center_header_left_menu":"0","ocean_custom_header_template":"0","ocean_custom_logo":0,"ocean_custom_retina_logo":0,"ocean_custom_logo_max_width":0,"ocean_custom_logo_tablet_max_width":0,"ocean_custom_logo_mobile_max_width":0,"ocean_custom_logo_max_height":0,"ocean_custom_logo_tablet_max_height":0,"ocean_custom_logo_mobile_max_height":0,"ocean_header_custom_menu":"0","ocean_menu_typo_font_family":"0","ocean_menu_typo_font_subset":"","ocean_menu_typo_font_size":0,"ocean_menu_typo_font_size_tablet":0,"ocean_menu_typo_font_size_mobile":0,"ocean_menu_typo_font_size_unit":"px","ocean_menu_typo_font_weight":"","ocean_menu_typo_font_weight_tablet":"","ocean_menu_typo_font_weight_mobile":"","ocean_menu_typo_transform":"","ocean_menu_typo_transform_tablet":"","ocean_menu_typo_transform_mobile":"","ocean_menu_typo_line_height":0,"ocean_menu_typo_line_height_tablet":0,"ocean_menu_typo_line_height_mobile":0,"ocean_menu_typo_line_height_unit":"","ocean_menu_typo_spacing":0,"ocean_menu_typo_spacing_tablet":0,"ocean_menu_typo_spacing_mobile":0,"ocean_menu_typo_spacing_unit":"","ocean_menu_link_color":"","ocean_menu_link_color_hover":"","ocean_menu_link_color_active":"","ocean_menu_link_background":"","ocean_menu_link_hover_background":"","ocean_menu_link_active_background":"","ocean_menu_social_links_bg":"","ocean_menu_social_hover_links_bg":"","ocean_menu_social_links_color":"","ocean_menu_social_hover_links_color":"","ocean_disable_title":"default","ocean_disable_heading":"default","ocean_post_title":"","ocean_post_subheading":"","ocean_post_title_style":"","ocean_post_title_background_color":"","ocean_post_title_background":0,"ocean_post_title_bg_image_position":"","ocean_post_title_bg_image_attachment":"","ocean_post_title_bg_image_repeat":"","ocean_post_title_bg_image_size":"","ocean_post_title_height":0,"ocean_post_title_bg_overlay":0.5,"ocean_post_title_bg_overlay_color":"","ocean_disable_breadcrumbs":"default","ocean_breadcrumbs_color":"","ocean_breadcrumbs_separator_color":"","ocean_breadcrumbs_links_color":"","ocean_breadcrumbs_links_hover_color":"","ocean_display_footer_widgets":"default","ocean_display_footer_bottom":"default","ocean_custom_footer_template":"0"},"product_brand":[],"product_cat":[102,36],"product_tag":[],"class_list":{"0":"post-2980","1":"product","2":"type-product","3":"status-publish","4":"has-post-thumbnail","6":"product_cat-soins-visage","7":"product_cat-soins","9":"entry","10":"has-media","12":"first","13":"instock","14":"shipping-taxable","15":"product-type-simple","16":"has-product-nav","17":"col","18":"span_1_of_4","19":"owp-content-center","20":"owp-thumbs-layout-horizontal","21":"owp-btn-normal","22":"owp-tabs-layout-horizontal"},"acf":[],"yoast_head":"<!-- This site is optimized with the Yoast SEO plugin v25.4 - https:\/\/yoast.com\/wordpress\/plugins\/seo\/ -->\n<title>R\u00eave de puret\u00e9 \u2013 Soin r\u00e9\u00e9quilibrant peaux mixtes \u00e0 grasses<\/title>\n<meta name=\"description\" content=\"Soin purifiant en institut : gua sha en aventurine, exfoliant aux coques de noisette, masque \u00e0 l\u2019argile verte. Peau nette, matifi\u00e9e et sans imperfections.\" \/>\n<meta name=\"robots\" content=\"noindex, follow, max-snippet:-1, max-image-preview:large, max-video-preview:-1\" \/>\n<meta property=\"og:locale\" content=\"es_ES\" \/>\n<meta property=\"og:type\" content=\"article\" \/>\n<meta property=\"og:title\" content=\"R\u00eave de puret\u00e9 \u2013 Soin r\u00e9\u00e9quilibrant peaux mixtes \u00e0 grasses\" \/>\n<meta property=\"og:description\" content=\"Soin purifiant en institut : gua sha en aventurine, exfoliant aux coques de noisette, masque \u00e0 l\u2019argile verte. Peau nette, matifi\u00e9e et sans imperfections.\" \/>\n<meta property=\"og:url\" content=\"https:\/\/preprod.ylae.fr\/es\/produit\/reve-de-purete\/\" \/>\n<meta property=\"og:site_name\" content=\"Oxalia\" \/>\n<meta property=\"article:modified_time\" content=\"2025-06-25T08:39:31+00:00\" \/>\n<meta property=\"og:image\" content=\"https:\/\/preprod.ylae.fr\/wp-content\/uploads\/2025\/06\/soin-visage-reequilibrant-reve-de-purete.webp\" \/>\n\t<meta property=\"og:image:width\" content=\"850\" \/>\n\t<meta property=\"og:image:height\" content=\"1000\" \/>\n\t<meta property=\"og:image:type\" content=\"image\/webp\" \/>\n<meta name=\"twitter:card\" content=\"summary_large_image\" \/>\n<script type=\"application\/ld+json\" class=\"yoast-schema-graph\">{\"@context\":\"https:\/\/schema.org\",\"@graph\":[{\"@type\":\"WebPage\",\"@id\":\"https:\/\/preprod.ylae.fr\/es\/produit\/reve-de-purete\/\",\"url\":\"https:\/\/preprod.ylae.fr\/es\/produit\/reve-de-purete\/\",\"name\":\"R\u00eave de puret\u00e9 \u2013 Soin r\u00e9\u00e9quilibrant peaux mixtes \u00e0 grasses\",\"isPartOf\":{\"@id\":\"https:\/\/preprod.ylae.fr\/es\/#website\"},\"primaryImageOfPage\":{\"@id\":\"https:\/\/preprod.ylae.fr\/es\/produit\/reve-de-purete\/#primaryimage\"},\"image\":{\"@id\":\"https:\/\/preprod.ylae.fr\/es\/produit\/reve-de-purete\/#primaryimage\"},\"thumbnailUrl\":\"https:\/\/preprod.ylae.fr\/wp-content\/uploads\/2025\/06\/soin-visage-reequilibrant-reve-de-purete.webp\",\"datePublished\":\"2025-06-25T08:34:34+00:00\",\"dateModified\":\"2025-06-25T08:39:31+00:00\",\"description\":\"Soin purifiant en institut : gua sha en aventurine, exfoliant aux coques de noisette, masque \u00e0 l\u2019argile verte. Peau nette, matifi\u00e9e et sans imperfections.\",\"breadcrumb\":{\"@id\":\"https:\/\/preprod.ylae.fr\/es\/produit\/reve-de-purete\/#breadcrumb\"},\"inLanguage\":\"es\",\"potentialAction\":[{\"@type\":\"ReadAction\",\"target\":[\"https:\/\/preprod.ylae.fr\/es\/produit\/reve-de-purete\/\"]}]},{\"@type\":\"ImageObject\",\"inLanguage\":\"es\",\"@id\":\"https:\/\/preprod.ylae.fr\/es\/produit\/reve-de-purete\/#primaryimage\",\"url\":\"https:\/\/preprod.ylae.fr\/wp-content\/uploads\/2025\/06\/soin-visage-reequilibrant-reve-de-purete.webp\",\"contentUrl\":\"https:\/\/preprod.ylae.fr\/wp-content\/uploads\/2025\/06\/soin-visage-reequilibrant-reve-de-purete.webp\",\"width\":850,\"height\":1000,\"caption\":\"Soin visage reequilibrant\"},{\"@type\":\"BreadcrumbList\",\"@id\":\"https:\/\/preprod.ylae.fr\/es\/produit\/reve-de-purete\/#breadcrumb\",\"itemListElement\":[{\"@type\":\"ListItem\",\"position\":1,\"name\":\"Accueil\",\"item\":\"https:\/\/preprod.ylae.fr\/es\/\"},{\"@type\":\"ListItem\",\"position\":2,\"name\":\"Tienda\",\"item\":\"https:\/\/preprod.ylae.fr\/es\/tienda\/\"},{\"@type\":\"ListItem\",\"position\":3,\"name\":\"R\u00eave de puret\u00e9\"}]},{\"@type\":\"WebSite\",\"@id\":\"https:\/\/preprod.ylae.fr\/es\/#website\",\"url\":\"https:\/\/preprod.ylae.fr\/es\/\",\"name\":\"Oxalia\",\"description\":\"Cosm\u00e9tiques professionnels, biologiques, naturels et fabriqu\u00e9s en France\",\"publisher\":{\"@id\":\"https:\/\/preprod.ylae.fr\/es\/#organization\"},\"potentialAction\":[{\"@type\":\"SearchAction\",\"target\":{\"@type\":\"EntryPoint\",\"urlTemplate\":\"https:\/\/preprod.ylae.fr\/es\/?s={search_term_string}\"},\"query-input\":{\"@type\":\"PropertyValueSpecification\",\"valueRequired\":true,\"valueName\":\"search_term_string\"}}],\"inLanguage\":\"es\"},{\"@type\":\"Organization\",\"@id\":\"https:\/\/preprod.ylae.fr\/es\/#organization\",\"name\":\"Oxalia\",\"url\":\"https:\/\/preprod.ylae.fr\/es\/\",\"logo\":{\"@type\":\"ImageObject\",\"inLanguage\":\"es\",\"@id\":\"https:\/\/preprod.ylae.fr\/es\/#\/schema\/logo\/image\/\",\"url\":\"https:\/\/preprod.ylae.fr\/wp-content\/uploads\/2025\/04\/logo-oxalia-gris.webp\",\"contentUrl\":\"https:\/\/preprod.ylae.fr\/wp-content\/uploads\/2025\/04\/logo-oxalia-gris.webp\",\"width\":241,\"height\":76,\"caption\":\"Oxalia\"},\"image\":{\"@id\":\"https:\/\/preprod.ylae.fr\/es\/#\/schema\/logo\/image\/\"}}]}<\/script>\n<!-- \/ Yoast SEO plugin. -->","yoast_head_json":{"title":"R\u00eave de puret\u00e9 \u2013 Soin r\u00e9\u00e9quilibrant peaux mixtes \u00e0 grasses","description":"Soin purifiant en institut : gua sha en aventurine, exfoliant aux coques de noisette, masque \u00e0 l\u2019argile verte. Peau nette, matifi\u00e9e et sans imperfections.","robots":{"index":"noindex","follow":"follow","max-snippet":"max-snippet:-1","max-image-preview":"max-image-preview:large","max-video-preview":"max-video-preview:-1"},"og_locale":"es_ES","og_type":"article","og_title":"R\u00eave de puret\u00e9 \u2013 Soin r\u00e9\u00e9quilibrant peaux mixtes \u00e0 grasses","og_description":"Soin purifiant en institut : gua sha en aventurine, exfoliant aux coques de noisette, masque \u00e0 l\u2019argile verte. Peau nette, matifi\u00e9e et sans imperfections.","og_url":"https:\/\/preprod.ylae.fr\/es\/produit\/reve-de-purete\/","og_site_name":"Oxalia","article_modified_time":"2025-06-25T08:39:31+00:00","og_image":[{"width":850,"height":1000,"url":"https:\/\/preprod.ylae.fr\/wp-content\/uploads\/2025\/06\/soin-visage-reequilibrant-reve-de-purete.webp","type":"image\/webp"}],"twitter_card":"summary_large_image","schema":{"@context":"https:\/\/schema.org","@graph":[{"@type":"WebPage","@id":"https:\/\/preprod.ylae.fr\/es\/produit\/reve-de-purete\/","url":"https:\/\/preprod.ylae.fr\/es\/produit\/reve-de-purete\/","name":"R\u00eave de puret\u00e9 \u2013 Soin r\u00e9\u00e9quilibrant peaux mixtes \u00e0 grasses","isPartOf":{"@id":"https:\/\/preprod.ylae.fr\/es\/#website"},"primaryImageOfPage":{"@id":"https:\/\/preprod.ylae.fr\/es\/produit\/reve-de-purete\/#primaryimage"},"image":{"@id":"https:\/\/preprod.ylae.fr\/es\/produit\/reve-de-purete\/#primaryimage"},"thumbnailUrl":"https:\/\/preprod.ylae.fr\/wp-content\/uploads\/2025\/06\/soin-visage-reequilibrant-reve-de-purete.webp","datePublished":"2025-06-25T08:34:34+00:00","dateModified":"2025-06-25T08:39:31+00:00","description":"Soin purifiant en institut : gua sha en aventurine, exfoliant aux coques de noisette, masque \u00e0 l\u2019argile verte. Peau nette, matifi\u00e9e et sans imperfections.","breadcrumb":{"@id":"https:\/\/preprod.ylae.fr\/es\/produit\/reve-de-purete\/#breadcrumb"},"inLanguage":"es","potentialAction":[{"@type":"ReadAction","target":["https:\/\/preprod.ylae.fr\/es\/produit\/reve-de-purete\/"]}]},{"@type":"ImageObject","inLanguage":"es","@id":"https:\/\/preprod.ylae.fr\/es\/produit\/reve-de-purete\/#primaryimage","url":"https:\/\/preprod.ylae.fr\/wp-content\/uploads\/2025\/06\/soin-visage-reequilibrant-reve-de-purete.webp","contentUrl":"https:\/\/preprod.ylae.fr\/wp-content\/uploads\/2025\/06\/soin-visage-reequilibrant-reve-de-purete.webp","width":850,"height":1000,"caption":"Soin visage reequilibrant"},{"@type":"BreadcrumbList","@id":"https:\/\/preprod.ylae.fr\/es\/produit\/reve-de-purete\/#breadcrumb","itemListElement":[{"@type":"ListItem","position":1,"name":"Accueil","item":"https:\/\/preprod.ylae.fr\/es\/"},{"@type":"ListItem","position":2,"name":"Tienda","item":"https:\/\/preprod.ylae.fr\/es\/tienda\/"},{"@type":"ListItem","position":3,"name":"R\u00eave de puret\u00e9"}]},{"@type":"WebSite","@id":"https:\/\/preprod.ylae.fr\/es\/#website","url":"https:\/\/preprod.ylae.fr\/es\/","name":"Oxalia","description":"Cosm\u00e9tiques professionnels, biologiques, naturels et fabriqu\u00e9s en France","publisher":{"@id":"https:\/\/preprod.ylae.fr\/es\/#organization"},"potentialAction":[{"@type":"SearchAction","target":{"@type":"EntryPoint","urlTemplate":"https:\/\/preprod.ylae.fr\/es\/?s={search_term_string}"},"query-input":{"@type":"PropertyValueSpecification","valueRequired":true,"valueName":"search_term_string"}}],"inLanguage":"es"},{"@type":"Organization","@id":"https:\/\/preprod.ylae.fr\/es\/#organization","name":"Oxalia","url":"https:\/\/preprod.ylae.fr\/es\/","logo":{"@type":"ImageObject","inLanguage":"es","@id":"https:\/\/preprod.ylae.fr\/es\/#\/schema\/logo\/image\/","url":"https:\/\/preprod.ylae.fr\/wp-content\/uploads\/2025\/04\/logo-oxalia-gris.webp","contentUrl":"https:\/\/preprod.ylae.fr\/wp-content\/uploads\/2025\/04\/logo-oxalia-gris.webp","width":241,"height":76,"caption":"Oxalia"},"image":{"@id":"https:\/\/preprod.ylae.fr\/es\/#\/schema\/logo\/image\/"}}]}},"jetpack_sharing_enabled":true,"_links":{"self":[{"href":"https:\/\/preprod.ylae.fr\/es\/wp-json\/wp\/v2\/product\/2980","targetHints":{"allow":["GET"]}}],"collection":[{"href":"https:\/\/preprod.ylae.fr\/es\/wp-json\/wp\/v2\/product"}],"about":[{"href":"https:\/\/preprod.ylae.fr\/es\/wp-json\/wp\/v2\/types\/product"}],"replies":[{"embeddable":true,"href":"https:\/\/preprod.ylae.fr\/es\/wp-json\/wp\/v2\/comments?post=2980"}],"version-history":[{"count":7,"href":"https:\/\/preprod.ylae.fr\/es\/wp-json\/wp\/v2\/product\/2980\/revisions"}],"predecessor-version":[{"id":2994,"href":"https:\/\/preprod.ylae.fr\/es\/wp-json\/wp\/v2\/product\/2980\/revisions\/2994"}],"wp:featuredmedia":[{"embeddable":true,"href":"https:\/\/preprod.ylae.fr\/es\/wp-json\/wp\/v2\/media\/2981"}],"wp:attachment":[{"href":"https:\/\/preprod.ylae.fr\/es\/wp-json\/wp\/v2\/media?parent=2980"}],"wp:term":[{"taxonomy":"product_brand","embeddable":true,"href":"https:\/\/preprod.ylae.fr\/es\/wp-json\/wp\/v2\/product_brand?post=2980"},{"taxonomy":"product_cat","embeddable":true,"href":"https:\/\/preprod.ylae.fr\/es\/wp-json\/wp\/v2\/product_cat?post=2980"},{"taxonomy":"product_tag","embeddable":true,"href":"https:\/\/preprod.ylae.fr\/es\/wp-json\/wp\/v2\/product_tag?post=2980"}],"curies":[{"name":"wp","href":"https:\/\/api.w.org\/{rel}","templated":true}]}}