{"id":3105,"date":"2025-06-26T09:50:26","date_gmt":"2025-06-26T07:50:26","guid":{"rendered":"https:\/\/preprod.ylae.fr\/?post_type=product&#038;p=3105"},"modified":"2025-06-26T11:01:31","modified_gmt":"2025-06-26T09:01:31","slug":"escapade-balinaise","status":"publish","type":"product","link":"https:\/\/preprod.ylae.fr\/es\/produit\/escapade-balinaise\/","title":{"rendered":"Escapade Balinaise"},"content":{"rendered":"\t\t<div data-elementor-type=\"product-post\" data-elementor-id=\"3105\" class=\"elementor elementor-3105\" data-elementor-post-type=\"product\">\n\t\t\t\t<div class=\"elementor-element elementor-element-5fd82ddd e-flex e-con-boxed e-con e-parent\" data-id=\"5fd82ddd\" data-element_type=\"container\">\n\t\t\t\t\t<div class=\"e-con-inner\">\n\t\t\t\t<div class=\"elementor-element elementor-element-694b8ff4 elementor-widget elementor-widget-text-editor\" data-id=\"694b8ff4\" data-element_type=\"widget\" data-widget_type=\"text-editor.default\">\n\t\t\t\t<div class=\"elementor-widget-container\">\n\t\t\t\t\t\t\t\t\t<h2>Soin floral visage &amp; corps<\/h2><p>\u00c9vadez-vous au coeur de l\u2019archipel indon\u00e9sien :<br \/>effluves florales, huile d&#8217;hibiscus et modelage d&#8217;inspiration balinaise s&#8217;unissent pour vous offrir un v\u00e9ritable instant de bien-\u00eatre. <br \/>Soin envo\u00fbtant et nourrissant, votre peau est douce et d\u00e9licatement parfum\u00e9e de notes fleuries.<\/p><p><em><strong><span style=\"text-decoration: underline;\">Dur\u00e9e:<\/span> 90min<\/strong><\/em><\/p>\t\t\t\t\t\t\t\t<\/div>\n\t\t\t\t<\/div>\n\t\t\t\t\t<\/div>\n\t\t\t\t<\/div>\n\t\t<div class=\"elementor-element elementor-element-326b4b34 e-flex e-con-boxed e-con e-parent\" data-id=\"326b4b34\" data-element_type=\"container\">\n\t\t\t\t\t<div class=\"e-con-inner\">\n\t\t\t\t<div class=\"elementor-element elementor-element-2826f4f7 elementor-widget__width-initial elementor-invisible elementor-widget elementor-widget-text-editor\" data-id=\"2826f4f7\" data-element_type=\"widget\" data-settings=\"{&quot;_animation&quot;:&quot;slideInRight&quot;}\" data-widget_type=\"text-editor.default\">\n\t\t\t\t<div class=\"elementor-widget-container\">\n\t\t\t\t\t\t\t\t\t<h3 style=\"text-align: center;\"><span style=\"color: #ffffff;\"><strong>LES BIENFAITS DU SOIN<\/strong><\/span><\/h3><p>\u2022 Laisse la peau souple et douce gr\u00e2ce aux produits de la gamme<br \/>\u2022 \u00c9vacue le stress et les traces de fatigue<br \/>\u2022 R\u00e9tablit l\u2019\u00e9quilibre des flux \u00e9nerg\u00e9tiques<br \/>\u2022 Soulage des douleurs musculaires et articulaires<br \/>\u2022 Apporte une sensation de bien-\u00eatre<\/p>\t\t\t\t\t\t\t\t<\/div>\n\t\t\t\t<\/div>\n\t\t\t\t<div class=\"elementor-element elementor-element-778ddbdc elementor-widget__width-initial elementor-invisible elementor-widget elementor-widget-text-editor\" data-id=\"778ddbdc\" data-element_type=\"widget\" data-settings=\"{&quot;_animation&quot;:&quot;slideInRight&quot;}\" data-widget_type=\"text-editor.default\">\n\t\t\t\t<div class=\"elementor-widget-container\">\n\t\t\t\t\t\t\t\t\t<h3 style=\"text-align: center;\"><strong>LE PARFUM<\/strong><\/h3><p>Parfum floral d\u00e9licieusement raffin\u00e9, il r\u00e9unit des notes fleuries d\u2019hibiscus et d\u2019aub\u00e9pine avec des notes fruit\u00e9es de p\u00eache et d\u2019amande, le tout arrondi par la douceur de la vanille. Sa tendre complicit\u00e9 entre la fleur d\u2019hibiscus et le coeur gourmand de vanille vous embarque imm\u00e9diatement pour un d\u00e9licieux voyage vers l\u2019archipel indon\u00e9sien.<\/p>\t\t\t\t\t\t\t\t<\/div>\n\t\t\t\t<\/div>\n\t\t\t\t\t<\/div>\n\t\t\t\t<\/div>\n\t\t<div class=\"elementor-element elementor-element-2c82e25e e-con-full e-flex e-con e-child\" data-id=\"2c82e25e\" data-element_type=\"container\">\n\t\t<div class=\"elementor-element elementor-element-2e8e2dcc e-con-full e-flex e-con e-child\" data-id=\"2e8e2dcc\" data-element_type=\"container\">\n\t\t\t\t<div class=\"elementor-element elementor-element-6dceafd3 elementor-widget elementor-widget-image\" data-id=\"6dceafd3\" data-element_type=\"widget\" data-widget_type=\"image.default\">\n\t\t\t\t<div class=\"elementor-widget-container\">\n\t\t\t\t\t\t\t\t\t\t\t\t\t\t\t\t<a href=\"\/instituts-estheticiennes-partenaires\/\">\n\t\t\t\t\t\t\t<img fetchpriority=\"high\" decoding=\"async\" width=\"350\" height=\"350\" src=\"https:\/\/preprod.ylae.fr\/wp-content\/uploads\/2025\/05\/institut-1.webp\" class=\"attachment-large size-large wp-image-1825\" alt=\"\" srcset=\"https:\/\/preprod.ylae.fr\/wp-content\/uploads\/2025\/05\/institut-1.webp 350w, https:\/\/preprod.ylae.fr\/wp-content\/uploads\/2025\/05\/institut-1-300x300.webp 300w, https:\/\/preprod.ylae.fr\/wp-content\/uploads\/2025\/05\/institut-1-150x150.webp 150w, https:\/\/preprod.ylae.fr\/wp-content\/uploads\/2025\/05\/institut-1-100x100.webp 100w, https:\/\/preprod.ylae.fr\/wp-content\/uploads\/2025\/05\/institut-1-64x64.webp 64w\" sizes=\"(max-width: 350px) 100vw, 350px\" \/>\t\t\t\t\t\t\t\t<\/a>\n\t\t\t\t\t\t\t\t\t\t\t\t\t\t\t<\/div>\n\t\t\t\t<\/div>\n\t\t\t\t<div class=\"elementor-element elementor-element-173492d1 elementor-widget elementor-widget-text-editor\" data-id=\"173492d1\" data-element_type=\"widget\" data-widget_type=\"text-editor.default\">\n\t\t\t\t<div class=\"elementor-widget-container\">\n\t\t\t\t\t\t\t\t\t<p style=\"text-align: center;\"><span style=\"color: #808080;\"><a style=\"color: #808080;\" href=\"\/instituts-estheticiennes-partenaires\/\"><strong>Trouvez votre institut<\/strong><\/a><\/span><\/p>\t\t\t\t\t\t\t\t<\/div>\n\t\t\t\t<\/div>\n\t\t\t\t<\/div>\n\t\t<div class=\"elementor-element elementor-element-30793ca0 e-con-full e-flex e-con e-child\" data-id=\"30793ca0\" data-element_type=\"container\">\n\t\t\t\t<div class=\"elementor-element elementor-element-29ef7d66 elementor-widget elementor-widget-image\" data-id=\"29ef7d66\" data-element_type=\"widget\" data-widget_type=\"image.default\">\n\t\t\t\t<div class=\"elementor-widget-container\">\n\t\t\t\t\t\t\t\t\t\t\t\t\t\t\t\t<a href=\"https:\/\/www.cosmebio.org\/fr\/le-label\/\">\n\t\t\t\t\t\t\t<img decoding=\"async\" width=\"1024\" height=\"978\" src=\"https:\/\/preprod.ylae.fr\/wp-content\/uploads\/2025\/05\/certifie-bio-logo-cosmos-1024x978.webp\" class=\"attachment-large size-large wp-image-1816\" alt=\"\" srcset=\"https:\/\/preprod.ylae.fr\/wp-content\/uploads\/2025\/05\/certifie-bio-logo-cosmos-1024x978.webp 1024w, https:\/\/preprod.ylae.fr\/wp-content\/uploads\/2025\/05\/certifie-bio-logo-cosmos-300x287.webp 300w, https:\/\/preprod.ylae.fr\/wp-content\/uploads\/2025\/05\/certifie-bio-logo-cosmos-768x734.webp 768w, https:\/\/preprod.ylae.fr\/wp-content\/uploads\/2025\/05\/certifie-bio-logo-cosmos-600x573.webp 600w, https:\/\/preprod.ylae.fr\/wp-content\/uploads\/2025\/05\/certifie-bio-logo-cosmos-64x61.webp 64w, https:\/\/preprod.ylae.fr\/wp-content\/uploads\/2025\/05\/certifie-bio-logo-cosmos.webp 1412w\" sizes=\"(max-width: 1024px) 100vw, 1024px\" \/>\t\t\t\t\t\t\t\t<\/a>\n\t\t\t\t\t\t\t\t\t\t\t\t\t\t\t<\/div>\n\t\t\t\t<\/div>\n\t\t\t\t<div class=\"elementor-element elementor-element-70c9eeef elementor-widget elementor-widget-text-editor\" data-id=\"70c9eeef\" data-element_type=\"widget\" data-widget_type=\"text-editor.default\">\n\t\t\t\t<div class=\"elementor-widget-container\">\n\t\t\t\t\t\t\t\t\t<p style=\"text-align: center;\"><span style=\"color: #808080;\"><a style=\"color: #808080;\" href=\"https:\/\/www.cosmebio.org\/fr\/le-label\/\"><strong>Certifi\u00e9 biologique<\/strong><\/a><\/span><\/p>\t\t\t\t\t\t\t\t<\/div>\n\t\t\t\t<\/div>\n\t\t\t\t<\/div>\n\t\t<div class=\"elementor-element elementor-element-635dedf9 e-con-full e-flex e-con e-child\" data-id=\"635dedf9\" data-element_type=\"container\">\n\t\t\t\t<div class=\"elementor-element elementor-element-579dc0f0 elementor-widget elementor-widget-image\" data-id=\"579dc0f0\" data-element_type=\"widget\" data-widget_type=\"image.default\">\n\t\t\t\t<div class=\"elementor-widget-container\">\n\t\t\t\t\t\t\t\t\t\t\t\t\t\t\t\t<a href=\"\/notre-philosophie\/\">\n\t\t\t\t\t\t\t<img decoding=\"async\" width=\"1024\" height=\"1024\" src=\"https:\/\/preprod.ylae.fr\/wp-content\/uploads\/2025\/05\/fabrication-france-oxalia-1024x1024.webp\" class=\"attachment-large size-large wp-image-1819\" alt=\"\" srcset=\"https:\/\/preprod.ylae.fr\/wp-content\/uploads\/2025\/05\/fabrication-france-oxalia-1024x1024.webp 1024w, https:\/\/preprod.ylae.fr\/wp-content\/uploads\/2025\/05\/fabrication-france-oxalia-300x300.webp 300w, https:\/\/preprod.ylae.fr\/wp-content\/uploads\/2025\/05\/fabrication-france-oxalia-150x150.webp 150w, https:\/\/preprod.ylae.fr\/wp-content\/uploads\/2025\/05\/fabrication-france-oxalia-768x768.webp 768w, https:\/\/preprod.ylae.fr\/wp-content\/uploads\/2025\/05\/fabrication-france-oxalia-600x600.webp 600w, https:\/\/preprod.ylae.fr\/wp-content\/uploads\/2025\/05\/fabrication-france-oxalia-100x100.webp 100w, https:\/\/preprod.ylae.fr\/wp-content\/uploads\/2025\/05\/fabrication-france-oxalia-64x64.webp 64w, https:\/\/preprod.ylae.fr\/wp-content\/uploads\/2025\/05\/fabrication-france-oxalia.webp 1458w\" sizes=\"(max-width: 1024px) 100vw, 1024px\" \/>\t\t\t\t\t\t\t\t<\/a>\n\t\t\t\t\t\t\t\t\t\t\t\t\t\t\t<\/div>\n\t\t\t\t<\/div>\n\t\t\t\t<div class=\"elementor-element elementor-element-6d2a57a2 elementor-widget elementor-widget-text-editor\" data-id=\"6d2a57a2\" data-element_type=\"widget\" data-widget_type=\"text-editor.default\">\n\t\t\t\t<div class=\"elementor-widget-container\">\n\t\t\t\t\t\t\t\t\t<p style=\"text-align: center;\"><span style=\"color: #808080;\"><a style=\"color: #808080;\" href=\"\/notre-philosophie\/\"><strong>Fabriqu\u00e9 en France<\/strong><\/a><\/span><\/p>\t\t\t\t\t\t\t\t<\/div>\n\t\t\t\t<\/div>\n\t\t\t\t<\/div>\n\t\t\t\t<\/div>\n\t\t<div class=\"elementor-element elementor-element-55cbb8da e-flex e-con-boxed e-con e-parent\" data-id=\"55cbb8da\" data-element_type=\"container\" data-settings=\"{&quot;background_background&quot;:&quot;classic&quot;}\">\n\t\t\t\t\t<div class=\"e-con-inner\">\n\t\t\t\t<div class=\"elementor-element elementor-element-558b8bf8 elementor-widget elementor-widget-heading\" data-id=\"558b8bf8\" data-element_type=\"widget\" data-widget_type=\"heading.default\">\n\t\t\t\t<div class=\"elementor-widget-container\">\n\t\t\t\t\t<h2 class=\"elementor-heading-title elementor-size-default\">TEASER<\/h2>\t\t\t\t<\/div>\n\t\t\t\t<\/div>\n\t\t\t\t\t<\/div>\n\t\t\t\t<\/div>\n\t\t<div class=\"elementor-element elementor-element-44a65a4c e-flex e-con-boxed e-con e-parent\" data-id=\"44a65a4c\" data-element_type=\"container\">\n\t\t\t\t\t<div class=\"e-con-inner\">\n\t\t\t\t<div class=\"elementor-element elementor-element-14a2124e elementor-widget elementor-widget-video\" data-id=\"14a2124e\" data-element_type=\"widget\" data-settings=\"{&quot;youtube_url&quot;:&quot;https:\\\/\\\/www.youtube.com\\\/watch?v=WDfUPYwL-co&quot;,&quot;video_type&quot;:&quot;youtube&quot;,&quot;controls&quot;:&quot;yes&quot;}\" data-widget_type=\"video.default\">\n\t\t\t\t<div class=\"elementor-widget-container\">\n\t\t\t\t\t\t\t<div class=\"elementor-wrapper elementor-open-inline\">\n\t\t\t<div class=\"elementor-video\"><\/div>\t\t<\/div>\n\t\t\t\t\t\t<\/div>\n\t\t\t\t<\/div>\n\t\t\t\t\t<\/div>\n\t\t\t\t<\/div>\n\t\t\t\t<\/div>\n\t\t","protected":false},"excerpt":{"rendered":"<p>Soin floral visage &amp; corps<\/p>\n","protected":false},"featured_media":3079,"comment_status":"open","ping_status":"closed","template":"","meta":{"_acf_changed":false,"ocean_post_layout":"","ocean_both_sidebars_style":"","ocean_both_sidebars_content_width":0,"ocean_both_sidebars_sidebars_width":0,"ocean_sidebar":"0","ocean_second_sidebar":"0","ocean_disable_margins":"enable","ocean_add_body_class":"","ocean_shortcode_before_top_bar":"","ocean_shortcode_after_top_bar":"","ocean_shortcode_before_header":"","ocean_shortcode_after_header":"","ocean_has_shortcode":"","ocean_shortcode_after_title":"","ocean_shortcode_before_footer_widgets":"","ocean_shortcode_after_footer_widgets":"","ocean_shortcode_before_footer_bottom":"","ocean_shortcode_after_footer_bottom":"","ocean_display_top_bar":"default","ocean_display_header":"default","ocean_header_style":"","ocean_center_header_left_menu":"0","ocean_custom_header_template":"0","ocean_custom_logo":0,"ocean_custom_retina_logo":0,"ocean_custom_logo_max_width":0,"ocean_custom_logo_tablet_max_width":0,"ocean_custom_logo_mobile_max_width":0,"ocean_custom_logo_max_height":0,"ocean_custom_logo_tablet_max_height":0,"ocean_custom_logo_mobile_max_height":0,"ocean_header_custom_menu":"0","ocean_menu_typo_font_family":"0","ocean_menu_typo_font_subset":"","ocean_menu_typo_font_size":0,"ocean_menu_typo_font_size_tablet":0,"ocean_menu_typo_font_size_mobile":0,"ocean_menu_typo_font_size_unit":"px","ocean_menu_typo_font_weight":"","ocean_menu_typo_font_weight_tablet":"","ocean_menu_typo_font_weight_mobile":"","ocean_menu_typo_transform":"","ocean_menu_typo_transform_tablet":"","ocean_menu_typo_transform_mobile":"","ocean_menu_typo_line_height":0,"ocean_menu_typo_line_height_tablet":0,"ocean_menu_typo_line_height_mobile":0,"ocean_menu_typo_line_height_unit":"","ocean_menu_typo_spacing":0,"ocean_menu_typo_spacing_tablet":0,"ocean_menu_typo_spacing_mobile":0,"ocean_menu_typo_spacing_unit":"","ocean_menu_link_color":"","ocean_menu_link_color_hover":"","ocean_menu_link_color_active":"","ocean_menu_link_background":"","ocean_menu_link_hover_background":"","ocean_menu_link_active_background":"","ocean_menu_social_links_bg":"","ocean_menu_social_hover_links_bg":"","ocean_menu_social_links_color":"","ocean_menu_social_hover_links_color":"","ocean_disable_title":"default","ocean_disable_heading":"default","ocean_post_title":"","ocean_post_subheading":"","ocean_post_title_style":"","ocean_post_title_background_color":"","ocean_post_title_background":0,"ocean_post_title_bg_image_position":"","ocean_post_title_bg_image_attachment":"","ocean_post_title_bg_image_repeat":"","ocean_post_title_bg_image_size":"","ocean_post_title_height":0,"ocean_post_title_bg_overlay":0.5,"ocean_post_title_bg_overlay_color":"","ocean_disable_breadcrumbs":"default","ocean_breadcrumbs_color":"","ocean_breadcrumbs_separator_color":"","ocean_breadcrumbs_links_color":"","ocean_breadcrumbs_links_hover_color":"","ocean_display_footer_widgets":"default","ocean_display_footer_bottom":"default","ocean_custom_footer_template":"0"},"product_brand":[],"product_cat":[103,36],"product_tag":[],"class_list":{"0":"post-3105","1":"product","2":"type-product","3":"status-publish","4":"has-post-thumbnail","6":"product_cat-soins-corps","7":"product_cat-soins","9":"entry","10":"has-media","12":"first","13":"instock","14":"shipping-taxable","15":"product-type-simple","16":"has-product-nav","17":"col","18":"span_1_of_4","19":"owp-content-center","20":"owp-thumbs-layout-horizontal","21":"owp-btn-normal","22":"owp-tabs-layout-horizontal","23":"has-no-thumbnails"},"acf":[],"yoast_head":"<!-- This site is optimized with the Yoast SEO plugin v25.4 - https:\/\/yoast.com\/wordpress\/plugins\/seo\/ -->\n<title>Escapade Balinaise \u2013 Soin floral visage &amp; corps | Oxalia<\/title>\n<meta name=\"description\" content=\"Soin nourrissant aux effluves florales : huile d\u2019hibiscus &amp; massage balinais. Une parenth\u00e8se sensorielle pour une peau douce et d\u00e9licatement parfum\u00e9e.\" \/>\n<meta name=\"robots\" content=\"noindex, follow, max-snippet:-1, max-image-preview:large, max-video-preview:-1\" \/>\n<meta property=\"og:locale\" content=\"es_ES\" \/>\n<meta property=\"og:type\" content=\"article\" \/>\n<meta property=\"og:title\" content=\"Escapade Balinaise \u2013 Soin floral visage &amp; corps | Oxalia\" \/>\n<meta property=\"og:description\" content=\"Soin nourrissant aux effluves florales : huile d\u2019hibiscus &amp; massage balinais. Une parenth\u00e8se sensorielle pour une peau douce et d\u00e9licatement parfum\u00e9e.\" \/>\n<meta property=\"og:url\" content=\"https:\/\/preprod.ylae.fr\/es\/produit\/escapade-balinaise\/\" \/>\n<meta property=\"og:site_name\" content=\"Oxalia\" \/>\n<meta property=\"article:modified_time\" content=\"2025-06-26T09:01:31+00:00\" \/>\n<meta property=\"og:image\" content=\"https:\/\/preprod.ylae.fr\/wp-content\/uploads\/2025\/06\/escapade-balinaise-soin-corps.webp\" \/>\n\t<meta property=\"og:image:width\" content=\"850\" \/>\n\t<meta property=\"og:image:height\" content=\"1000\" \/>\n\t<meta property=\"og:image:type\" content=\"image\/webp\" \/>\n<meta name=\"twitter:card\" content=\"summary_large_image\" \/>\n<script type=\"application\/ld+json\" class=\"yoast-schema-graph\">{\"@context\":\"https:\/\/schema.org\",\"@graph\":[{\"@type\":\"WebPage\",\"@id\":\"https:\/\/preprod.ylae.fr\/es\/produit\/escapade-balinaise\/\",\"url\":\"https:\/\/preprod.ylae.fr\/es\/produit\/escapade-balinaise\/\",\"name\":\"Escapade Balinaise \u2013 Soin floral visage & corps | Oxalia\",\"isPartOf\":{\"@id\":\"https:\/\/preprod.ylae.fr\/es\/#website\"},\"primaryImageOfPage\":{\"@id\":\"https:\/\/preprod.ylae.fr\/es\/produit\/escapade-balinaise\/#primaryimage\"},\"image\":{\"@id\":\"https:\/\/preprod.ylae.fr\/es\/produit\/escapade-balinaise\/#primaryimage\"},\"thumbnailUrl\":\"https:\/\/preprod.ylae.fr\/wp-content\/uploads\/2025\/06\/escapade-balinaise-soin-corps.webp\",\"datePublished\":\"2025-06-26T07:50:26+00:00\",\"dateModified\":\"2025-06-26T09:01:31+00:00\",\"description\":\"Soin nourrissant aux effluves florales : huile d\u2019hibiscus & massage balinais. Une parenth\u00e8se sensorielle pour une peau douce et d\u00e9licatement parfum\u00e9e.\",\"breadcrumb\":{\"@id\":\"https:\/\/preprod.ylae.fr\/es\/produit\/escapade-balinaise\/#breadcrumb\"},\"inLanguage\":\"es\",\"potentialAction\":[{\"@type\":\"ReadAction\",\"target\":[\"https:\/\/preprod.ylae.fr\/es\/produit\/escapade-balinaise\/\"]}]},{\"@type\":\"ImageObject\",\"inLanguage\":\"es\",\"@id\":\"https:\/\/preprod.ylae.fr\/es\/produit\/escapade-balinaise\/#primaryimage\",\"url\":\"https:\/\/preprod.ylae.fr\/wp-content\/uploads\/2025\/06\/escapade-balinaise-soin-corps.webp\",\"contentUrl\":\"https:\/\/preprod.ylae.fr\/wp-content\/uploads\/2025\/06\/escapade-balinaise-soin-corps.webp\",\"width\":850,\"height\":1000,\"caption\":\"Soin corps escapade\"},{\"@type\":\"BreadcrumbList\",\"@id\":\"https:\/\/preprod.ylae.fr\/es\/produit\/escapade-balinaise\/#breadcrumb\",\"itemListElement\":[{\"@type\":\"ListItem\",\"position\":1,\"name\":\"Accueil\",\"item\":\"https:\/\/preprod.ylae.fr\/es\/\"},{\"@type\":\"ListItem\",\"position\":2,\"name\":\"Tienda\",\"item\":\"https:\/\/preprod.ylae.fr\/es\/tienda\/\"},{\"@type\":\"ListItem\",\"position\":3,\"name\":\"Escapade Balinaise\"}]},{\"@type\":\"WebSite\",\"@id\":\"https:\/\/preprod.ylae.fr\/es\/#website\",\"url\":\"https:\/\/preprod.ylae.fr\/es\/\",\"name\":\"Oxalia\",\"description\":\"Cosm\u00e9tiques professionnels, biologiques, naturels et fabriqu\u00e9s en France\",\"publisher\":{\"@id\":\"https:\/\/preprod.ylae.fr\/es\/#organization\"},\"potentialAction\":[{\"@type\":\"SearchAction\",\"target\":{\"@type\":\"EntryPoint\",\"urlTemplate\":\"https:\/\/preprod.ylae.fr\/es\/?s={search_term_string}\"},\"query-input\":{\"@type\":\"PropertyValueSpecification\",\"valueRequired\":true,\"valueName\":\"search_term_string\"}}],\"inLanguage\":\"es\"},{\"@type\":\"Organization\",\"@id\":\"https:\/\/preprod.ylae.fr\/es\/#organization\",\"name\":\"Oxalia\",\"url\":\"https:\/\/preprod.ylae.fr\/es\/\",\"logo\":{\"@type\":\"ImageObject\",\"inLanguage\":\"es\",\"@id\":\"https:\/\/preprod.ylae.fr\/es\/#\/schema\/logo\/image\/\",\"url\":\"https:\/\/preprod.ylae.fr\/wp-content\/uploads\/2025\/04\/logo-oxalia-gris.webp\",\"contentUrl\":\"https:\/\/preprod.ylae.fr\/wp-content\/uploads\/2025\/04\/logo-oxalia-gris.webp\",\"width\":241,\"height\":76,\"caption\":\"Oxalia\"},\"image\":{\"@id\":\"https:\/\/preprod.ylae.fr\/es\/#\/schema\/logo\/image\/\"}}]}<\/script>\n<!-- \/ Yoast SEO plugin. -->","yoast_head_json":{"title":"Escapade Balinaise \u2013 Soin floral visage & corps | Oxalia","description":"Soin nourrissant aux effluves florales : huile d\u2019hibiscus & massage balinais. Une parenth\u00e8se sensorielle pour une peau douce et d\u00e9licatement parfum\u00e9e.","robots":{"index":"noindex","follow":"follow","max-snippet":"max-snippet:-1","max-image-preview":"max-image-preview:large","max-video-preview":"max-video-preview:-1"},"og_locale":"es_ES","og_type":"article","og_title":"Escapade Balinaise \u2013 Soin floral visage & corps | Oxalia","og_description":"Soin nourrissant aux effluves florales : huile d\u2019hibiscus & massage balinais. Une parenth\u00e8se sensorielle pour une peau douce et d\u00e9licatement parfum\u00e9e.","og_url":"https:\/\/preprod.ylae.fr\/es\/produit\/escapade-balinaise\/","og_site_name":"Oxalia","article_modified_time":"2025-06-26T09:01:31+00:00","og_image":[{"width":850,"height":1000,"url":"https:\/\/preprod.ylae.fr\/wp-content\/uploads\/2025\/06\/escapade-balinaise-soin-corps.webp","type":"image\/webp"}],"twitter_card":"summary_large_image","schema":{"@context":"https:\/\/schema.org","@graph":[{"@type":"WebPage","@id":"https:\/\/preprod.ylae.fr\/es\/produit\/escapade-balinaise\/","url":"https:\/\/preprod.ylae.fr\/es\/produit\/escapade-balinaise\/","name":"Escapade Balinaise \u2013 Soin floral visage & corps | Oxalia","isPartOf":{"@id":"https:\/\/preprod.ylae.fr\/es\/#website"},"primaryImageOfPage":{"@id":"https:\/\/preprod.ylae.fr\/es\/produit\/escapade-balinaise\/#primaryimage"},"image":{"@id":"https:\/\/preprod.ylae.fr\/es\/produit\/escapade-balinaise\/#primaryimage"},"thumbnailUrl":"https:\/\/preprod.ylae.fr\/wp-content\/uploads\/2025\/06\/escapade-balinaise-soin-corps.webp","datePublished":"2025-06-26T07:50:26+00:00","dateModified":"2025-06-26T09:01:31+00:00","description":"Soin nourrissant aux effluves florales : huile d\u2019hibiscus & massage balinais. Une parenth\u00e8se sensorielle pour une peau douce et d\u00e9licatement parfum\u00e9e.","breadcrumb":{"@id":"https:\/\/preprod.ylae.fr\/es\/produit\/escapade-balinaise\/#breadcrumb"},"inLanguage":"es","potentialAction":[{"@type":"ReadAction","target":["https:\/\/preprod.ylae.fr\/es\/produit\/escapade-balinaise\/"]}]},{"@type":"ImageObject","inLanguage":"es","@id":"https:\/\/preprod.ylae.fr\/es\/produit\/escapade-balinaise\/#primaryimage","url":"https:\/\/preprod.ylae.fr\/wp-content\/uploads\/2025\/06\/escapade-balinaise-soin-corps.webp","contentUrl":"https:\/\/preprod.ylae.fr\/wp-content\/uploads\/2025\/06\/escapade-balinaise-soin-corps.webp","width":850,"height":1000,"caption":"Soin corps escapade"},{"@type":"BreadcrumbList","@id":"https:\/\/preprod.ylae.fr\/es\/produit\/escapade-balinaise\/#breadcrumb","itemListElement":[{"@type":"ListItem","position":1,"name":"Accueil","item":"https:\/\/preprod.ylae.fr\/es\/"},{"@type":"ListItem","position":2,"name":"Tienda","item":"https:\/\/preprod.ylae.fr\/es\/tienda\/"},{"@type":"ListItem","position":3,"name":"Escapade Balinaise"}]},{"@type":"WebSite","@id":"https:\/\/preprod.ylae.fr\/es\/#website","url":"https:\/\/preprod.ylae.fr\/es\/","name":"Oxalia","description":"Cosm\u00e9tiques professionnels, biologiques, naturels et fabriqu\u00e9s en France","publisher":{"@id":"https:\/\/preprod.ylae.fr\/es\/#organization"},"potentialAction":[{"@type":"SearchAction","target":{"@type":"EntryPoint","urlTemplate":"https:\/\/preprod.ylae.fr\/es\/?s={search_term_string}"},"query-input":{"@type":"PropertyValueSpecification","valueRequired":true,"valueName":"search_term_string"}}],"inLanguage":"es"},{"@type":"Organization","@id":"https:\/\/preprod.ylae.fr\/es\/#organization","name":"Oxalia","url":"https:\/\/preprod.ylae.fr\/es\/","logo":{"@type":"ImageObject","inLanguage":"es","@id":"https:\/\/preprod.ylae.fr\/es\/#\/schema\/logo\/image\/","url":"https:\/\/preprod.ylae.fr\/wp-content\/uploads\/2025\/04\/logo-oxalia-gris.webp","contentUrl":"https:\/\/preprod.ylae.fr\/wp-content\/uploads\/2025\/04\/logo-oxalia-gris.webp","width":241,"height":76,"caption":"Oxalia"},"image":{"@id":"https:\/\/preprod.ylae.fr\/es\/#\/schema\/logo\/image\/"}}]}},"jetpack_sharing_enabled":true,"_links":{"self":[{"href":"https:\/\/preprod.ylae.fr\/es\/wp-json\/wp\/v2\/product\/3105","targetHints":{"allow":["GET"]}}],"collection":[{"href":"https:\/\/preprod.ylae.fr\/es\/wp-json\/wp\/v2\/product"}],"about":[{"href":"https:\/\/preprod.ylae.fr\/es\/wp-json\/wp\/v2\/types\/product"}],"replies":[{"embeddable":true,"href":"https:\/\/preprod.ylae.fr\/es\/wp-json\/wp\/v2\/comments?post=3105"}],"version-history":[{"count":8,"href":"https:\/\/preprod.ylae.fr\/es\/wp-json\/wp\/v2\/product\/3105\/revisions"}],"predecessor-version":[{"id":3148,"href":"https:\/\/preprod.ylae.fr\/es\/wp-json\/wp\/v2\/product\/3105\/revisions\/3148"}],"wp:featuredmedia":[{"embeddable":true,"href":"https:\/\/preprod.ylae.fr\/es\/wp-json\/wp\/v2\/media\/3079"}],"wp:attachment":[{"href":"https:\/\/preprod.ylae.fr\/es\/wp-json\/wp\/v2\/media?parent=3105"}],"wp:term":[{"taxonomy":"product_brand","embeddable":true,"href":"https:\/\/preprod.ylae.fr\/es\/wp-json\/wp\/v2\/product_brand?post=3105"},{"taxonomy":"product_cat","embeddable":true,"href":"https:\/\/preprod.ylae.fr\/es\/wp-json\/wp\/v2\/product_cat?post=3105"},{"taxonomy":"product_tag","embeddable":true,"href":"https:\/\/preprod.ylae.fr\/es\/wp-json\/wp\/v2\/product_tag?post=3105"}],"curies":[{"name":"wp","href":"https:\/\/api.w.org\/{rel}","templated":true}]}}